{"id":318,"date":"2024-01-10T16:33:19","date_gmt":"2024-01-10T16:33:19","guid":{"rendered":"https:\/\/tschuschner.com\/?page_id=318"},"modified":"2026-03-27T11:09:43","modified_gmt":"2026-03-27T11:09:43","slug":"fotograf-und-grafik-graefelfing","status":"publish","type":"page","link":"https:\/\/tschuschner.de\/","title":{"rendered":"Fotografie und Grafik"},"content":{"rendered":"<section class=\"wpb-content-wrapper\"><p>[vc_row][vc_column]\n\t\t\t<!-- START Fotografie_Grafik_animiert REVOLUTION SLIDER 6.6.7 --><p class=\"rs-p-wp-fix\"><\/p>\n\t\t\t<rs-module-wrap id=\"rev_slider_7_1_wrapper\" data-source=\"gallery\" style=\"visibility:hidden;background:transparent;padding:0;margin:0px auto;margin-top:0;margin-bottom:0;\">\n\t\t\t\t<rs-module id=\"rev_slider_7_1\" style=\"\" data-version=\"6.6.7\">\n\t\t\t\t\t<rs-slides style=\"overflow: hidden; position: absolute;\">\n\t\t\t\t\t\t<rs-slide style=\"position: absolute;\" data-key=\"rs-24\" data-title=\"Slide\" data-in=\"o:0;\" data-out=\"a:false;\">\n\t\t\t\t\t\t\t<img decoding=\"async\" src=\"\/\/tschuschner.de\/wp-content\/plugins\/revslider\/public\/assets\/assets\/dummy.png\" alt=\"\" title=\"Fotografie und Grafik\" class=\"rev-slidebg tp-rs-img rs-lazyload\" data-lazyload=\"\/\/tschuschner.de\/wp-content\/plugins\/revslider\/public\/assets\/assets\/transparent.png\" data-no-retina>\n\t\t\t\t\t\t\t<rs-bgvideo \n\t\t\t\t\t\t\t\tdata-video=\"w:100%;h:100%;nse:false;l:true;ptimer:false;vfc:true;\"\n\t\t\t\t\t\t\t><\/rs-bgvideo>\n<!--\n\t\t\t\t\t\t\t--><rs-layer\n\t\t\t\t\t\t\t\tid=\"slider-7-slide-24-layer-0\" \n\t\t\t\t\t\t\t\tdata-type=\"image\"\n\t\t\t\t\t\t\t\tdata-rsp_ch=\"on\"\n\t\t\t\t\t\t\t\tdata-text=\"w:normal;s:20,20,20,11;l:0,0,0,13;\"\n\t\t\t\t\t\t\t\tdata-dim=\"w:['100%','100%','100%','100%'];h:['100%','100%','100%','100%'];\"\n\t\t\t\t\t\t\t\tdata-basealign=\"slide\"\n\t\t\t\t\t\t\t\tdata-frame_999=\"o:0;st:w;\"\n\t\t\t\t\t\t\t\tstyle=\"z-index:6;\"\n\t\t\t\t\t\t\t><img decoding=\"async\" src=\"\/\/tschuschner.de\/wp-content\/plugins\/revslider\/public\/assets\/assets\/dummy.png\" alt=\"Fotograf Michael Tschuschner\" class=\"tp-rs-img rs-lazyload\" width=\"1920\" height=\"1080\" data-lazyload=\"\/\/tschuschner.com\/wp-content\/uploads\/2024\/02\/titel_foto_1920x1080_4_hg.jpg\" data-c=\"cover-proportional\" data-no-retina> \n\t\t\t\t\t\t\t<\/rs-layer><!--\n\n\t\t\t\t\t\t\t--><rs-layer\n\t\t\t\t\t\t\t\tid=\"slider-7-slide-24-layer-1\" \n\t\t\t\t\t\t\t\tdata-type=\"text\"\n\t\t\t\t\t\t\t\tdata-rsp_ch=\"on\"\n\t\t\t\t\t\t\t\tdata-xy=\"xo:269px,269px,269px,155px;yo:540px,540px,540px,312px;\"\n\t\t\t\t\t\t\t\tdata-text=\"w:normal;s:60,60,60,34;l:60,60,60,34;a:center;\"\n\t\t\t\t\t\t\t\tdata-frame_1=\"e:power4.inOut;st:500;sp:2000;\"\n\t\t\t\t\t\t\t\tdata-frame_999=\"o:0;st:w;\"\n\t\t\t\t\t\t\t\tstyle=\"z-index:7;font-family:'Aldrich';\"\n\t\t\t\t\t\t\t>Fotografie und Grafik \n\t\t\t\t\t\t\t<\/rs-layer><!--\n\n\t\t\t\t\t\t\t--><rs-layer\n\t\t\t\t\t\t\t\tid=\"slider-7-slide-24-layer-2\" \n\t\t\t\t\t\t\t\tdata-type=\"text\"\n\t\t\t\t\t\t\t\tdata-color=\"#fff\"\n\t\t\t\t\t\t\t\tdata-rsp_ch=\"on\"\n\t\t\t\t\t\t\t\tdata-xy=\"x:c;xo:-18px,-18px,-18px,-9px;yo:624px,624px,624px,361px;\"\n\t\t\t\t\t\t\t\tdata-text=\"w:normal;s:35,35,35,19;l:35,35,35,19;fw:200;a:center;\"\n\t\t\t\t\t\t\t\tdata-dim=\"w:566px,566px,566px,327px;h:58px,58px,58px,32px;minh:0px,0px,0px,none;\"\n\t\t\t\t\t\t\t\tdata-border=\"bos:solid;boc:#ffffff;bow:0px,0px,1px,0px;\"\n\t\t\t\t\t\t\t\tdata-frame_1=\"e:power4.inOut;st:1500;sp:2000;\"\n\t\t\t\t\t\t\t\tdata-frame_999=\"o:0;st:w;\"\n\t\t\t\t\t\t\t\tstyle=\"z-index:8;font-family:'Montserrat';\"\n\t\t\t\t\t\t\t>MICHAEL TSCHUSCHNER \n\t\t\t\t\t\t\t<\/rs-layer><!--\n\n\t\t\t\t\t\t\t--><rs-layer\n\t\t\t\t\t\t\t\tid=\"slider-7-slide-24-layer-4\" \n\t\t\t\t\t\t\t\tdata-type=\"text\"\n\t\t\t\t\t\t\t\tdata-rsp_ch=\"on\"\n\t\t\t\t\t\t\t\tdata-xy=\"xo:283px,283px,283px,163px;yo:705px,705px,705px,409px;\"\n\t\t\t\t\t\t\t\tdata-text=\"w:normal;s:15,15,15,8;l:15,15,15,8;\"\n\t\t\t\t\t\t\t\tdata-frame_1=\"e:power4.inOut;st:2000;sp:2000;\"\n\t\t\t\t\t\t\t\tdata-frame_999=\"o:0;st:w;\"\n\t\t\t\t\t\t\t\tstyle=\"z-index:9;font-family:'Montserrat';\"\n\t\t\t\t\t\t\t>Portrait | Events | Business | Werbung | Architektur | Drohnenfotos | Videos | Websites \n\t\t\t\t\t\t\t<\/rs-layer><!--\n-->\t\t\t\t\t\t<\/rs-slide>\n\t\t\t\t\t<\/rs-slides>\n\t\t\t\t<\/rs-module>\n\t\t\t\t<script>\n\t\t\t\t\tsetREVStartSize({c: 'rev_slider_7_1',rl:[1240,1240,1240,480],el:[900,900,900,480],gw:[1240,1240,1240,720],gh:[900,900,900,480],type:'hero',justify:'',layout:'fullwidth',mh:\"0\"});if (window.RS_MODULES!==undefined && window.RS_MODULES.modules!==undefined && window.RS_MODULES.modules[\"revslider71\"]!==undefined) {window.RS_MODULES.modules[\"revslider71\"].once = false;window.revapi7 = undefined;if (window.RS_MODULES.checkMinimal!==undefined) window.RS_MODULES.checkMinimal()}\n\t\t\t\t<\/script>\n\t\t\t<\/rs-module-wrap>\n\t\t\t<!-- END REVOLUTION SLIDER -->\n[\/vc_column][\/vc_row][vc_row css=&#8220;.vc_custom_1707514413156{margin-top: 50px !important;}&#8220;][vc_column][vc_column_text]<\/p>\n<h2 id=\"u15309-2\" class=\"h1_desk_textueberschrift\" style=\"text-align: center;\">Herzlich Willkommen in unserem Gr\u00e4felfinger Fotostudio!<\/h2>\n<h4 class=\"h4_tel_fliesstext\" style=\"text-align: center;\">Sie brauchen Websitefotos, Werbeaufnahmen f\u00fcr Ihre Firma, Bewerbungsfotos, suchen einen Hochzeitsfotografen oder m\u00f6chten Drohnenaufnahmen von Ihrer Immobilie?<\/h4>\n<h4 class=\"h4_tel_fliesstext\" style=\"text-align: center;\">Wir freuen uns, wenn Sie uns kontaktieren und in unser Fotostudio nach Gr\u00e4felfing im W\u00fcrmtal, am Stadtrand von M\u00fcnchen kommen!<\/h4>\n<h4 style=\"text-align: center;\">Wir stehen auch Kunden im inner- und au\u00dfereurop\u00e4ischen Ausland f\u00fcr Auftr\u00e4ge zur Verf\u00fcgung.&nbsp;<\/h4>\n<h4 id=\"u15309-7\" class=\"h4_tel_fliesstext\" style=\"text-align: center;\">Was k\u00f6nnen wir f\u00fcr Sie tun?<\/h4>\n<p>[\/vc_column_text][\/vc_column][\/vc_row][vc_row][vc_column][vc_btn title=&#8220;jetzt anrufen&#8220; shape=&#8220;square&#8220; color=&#8220;inverse&#8220; align=&#8220;center&#8220; i_icon_fontawesome=&#8220;fas fa-phone-volume&#8220; css_animation=&#8220;bounceIn&#8220; add_icon=&#8220;true&#8220; link=&#8220;url:tel%3A%2B491718707571&#8243;][\/vc_column][\/vc_row][vc_row css=&#8220;.vc_custom_1736801876830{margin-top: 50px !important;}&#8220;][vc_column][vc_column_text]<\/p>\n<h5 style=\"text-align: center;\">Portr\u00e4t | Business | Hochzeiten | Events | Werbung | Websitefotos | Architektur | Videos | Drohnenaufnahmen<\/h5>\n<h5 style=\"text-align: center;\">Industriefotografie | Medizinfotografie | Messefotografie | Veranstaltungsfotografie | Praxisfotografie | Anlagenbaufotografie | Werbefotografie | Reportagefotografie | Immobilienfotografie<\/h5>\n<h5 style=\"text-align: center;\">Bayern | M\u00fcnchen | Pasing | Aubing | Neuaubing | Lochham | Neuried | Hadern | Gro\u00dfhadern | Martinsried | Gr\u00e4felfing | Planegg | Krailling | Stockdorf | Gauting | W\u00fcrmtal | Starnberg | Landkreis M\u00fcnchen<\/h5>\n<p>[\/vc_column_text][\/vc_column][\/vc_row][vc_row][vc_column width=&#8220;1\/5&#8243;][\/vc_column][vc_column width=&#8220;1\/5&#8243;][\/vc_column][vc_column width=&#8220;1\/5&#8243;][vc_btn title=&#8220;jetzt schreiben&#8220; shape=&#8220;square&#8220; color=&#8220;inverse&#8220; align=&#8220;center&#8220; i_icon_fontawesome=&#8220;fab fa-wpforms&#8220; css_animation=&#8220;bounceIn&#8220; add_icon=&#8220;true&#8220; link=&#8220;url:https%3A%2F%2Ftschuschner.de%2F%3Fpage_id%3D69|title:Kontakt%20%7C%20Anfahrt&#8220;][\/vc_column][vc_column width=&#8220;1\/5&#8243;][vc_single_image image=&#8220;1090&#8243; img_size=&#8220;full&#8220;][\/vc_column][vc_column width=&#8220;1\/5&#8243;][vc_single_image image=&#8220;1245&#8243; img_size=&#8220;medium&#8220; onclick=&#8220;custom_link&#8220; link=&#8220;https:\/\/www.provenexpert.com\/de-de\/fotograf-michael\/&#8220;][\/vc_column][\/vc_row]<\/p>\n<\/section>","protected":false},"excerpt":{"rendered":"<p>[vc_row][vc_column][\/vc_column][\/vc_row][vc_row css=&#8220;.vc_custom_1707514413156{margin-top: 50px !important;}&#8220;][vc_column][vc_column_text] Herzlich Willkommen in unserem Gr\u00e4felfinger Fotostudio! Sie brauchen Websitefotos, Werbeaufnahmen f\u00fcr Ihre Firma, Bewerbungsfotos, suchen einen Hochzeitsfotografen oder m\u00f6chten Drohnenaufnahmen von Ihrer Immobilie? Wir freuen uns, wenn Sie uns kontaktieren und in unser Fotostudio nach Gr\u00e4felfing im W\u00fcrmtal, am Stadtrand von M\u00fcnchen kommen! Wir stehen auch Kunden im inner- und au\u00dfereurop\u00e4ischen [&hellip;]<\/p>\n","protected":false},"author":1,"featured_media":794,"parent":0,"menu_order":0,"comment_status":"closed","ping_status":"closed","template":"","meta":{"ngg_post_thumbnail":0,"footnotes":""},"class_list":["post-318","page","type-page","status-publish","has-post-thumbnail","hentry"],"yoast_head":"<!-- This site is optimized with the Yoast SEO plugin v27.4 - https:\/\/yoast.com\/product\/yoast-seo-wordpress\/ -->\n<title>Fotografie und Grafik - Fotostudio in Gr\u00e4felfing im W\u00fcrmtal<\/title>\n<meta name=\"description\" content=\"Fotograf in Gr\u00e4felfing f\u00fcr Business- und private Fotografie in den Bereichen Portrait, Werbung, Events, Architektur und Drohnenaufnahmen\" \/>\n<meta name=\"robots\" content=\"index, follow, max-snippet:-1, max-image-preview:large, max-video-preview:-1\" \/>\n<link rel=\"canonical\" href=\"https:\/\/tschuschner.de\/\" \/>\n<meta property=\"og:locale\" content=\"de_DE\" \/>\n<meta property=\"og:type\" content=\"article\" \/>\n<meta property=\"og:title\" content=\"Fotografie und Grafik - Fotostudio in Gr\u00e4felfing im W\u00fcrmtal\" \/>\n<meta property=\"og:description\" content=\"Fotograf in Gr\u00e4felfing f\u00fcr Business- und private Fotografie in den Bereichen Portrait, Werbung, Events, Architektur und Drohnenaufnahmen\" \/>\n<meta property=\"og:url\" content=\"https:\/\/tschuschner.de\/\" \/>\n<meta property=\"og:site_name\" content=\"Fotos vom Profi\" \/>\n<meta property=\"article:modified_time\" content=\"2026-03-27T11:09:43+00:00\" \/>\n<meta property=\"og:image\" content=\"https:\/\/tschuschner.de\/wp-content\/uploads\/2024\/04\/businessportrait_beitragsbild.jpg\" \/>\n\t<meta property=\"og:image:width\" content=\"249\" \/>\n\t<meta property=\"og:image:height\" content=\"249\" \/>\n\t<meta property=\"og:image:type\" content=\"image\/jpeg\" \/>\n<meta name=\"twitter:card\" content=\"summary_large_image\" \/>\n<meta name=\"twitter:label1\" content=\"Gesch\u00e4tzte Lesezeit\" \/>\n\t<meta name=\"twitter:data1\" content=\"2\u00a0Minuten\" \/>\n<script type=\"application\/ld+json\" class=\"yoast-schema-graph\">{\"@context\":\"https:\\\/\\\/schema.org\",\"@graph\":[{\"@type\":\"WebPage\",\"@id\":\"https:\\\/\\\/tschuschner.de\\\/\",\"url\":\"https:\\\/\\\/tschuschner.de\\\/\",\"name\":\"Fotografie und Grafik - Fotostudio in Gr\u00e4felfing im W\u00fcrmtal\",\"isPartOf\":{\"@id\":\"https:\\\/\\\/tschuschner.de\\\/#website\"},\"primaryImageOfPage\":{\"@id\":\"https:\\\/\\\/tschuschner.de\\\/#primaryimage\"},\"image\":{\"@id\":\"https:\\\/\\\/tschuschner.de\\\/#primaryimage\"},\"thumbnailUrl\":\"https:\\\/\\\/tschuschner.de\\\/wp-content\\\/uploads\\\/2024\\\/04\\\/businessportrait_beitragsbild.jpg\",\"datePublished\":\"2024-01-10T16:33:19+00:00\",\"dateModified\":\"2026-03-27T11:09:43+00:00\",\"description\":\"Fotograf in Gr\u00e4felfing f\u00fcr Business- und private Fotografie in den Bereichen Portrait, Werbung, Events, Architektur und Drohnenaufnahmen\",\"breadcrumb\":{\"@id\":\"https:\\\/\\\/tschuschner.de\\\/#breadcrumb\"},\"inLanguage\":\"de\",\"potentialAction\":[{\"@type\":\"ReadAction\",\"target\":[\"https:\\\/\\\/tschuschner.de\\\/\"]}]},{\"@type\":\"ImageObject\",\"inLanguage\":\"de\",\"@id\":\"https:\\\/\\\/tschuschner.de\\\/#primaryimage\",\"url\":\"https:\\\/\\\/tschuschner.de\\\/wp-content\\\/uploads\\\/2024\\\/04\\\/businessportrait_beitragsbild.jpg\",\"contentUrl\":\"https:\\\/\\\/tschuschner.de\\\/wp-content\\\/uploads\\\/2024\\\/04\\\/businessportrait_beitragsbild.jpg\",\"width\":249,\"height\":249,\"caption\":\"businessportrait_beitragsbild Fotograf Michael Tschuschner\"},{\"@type\":\"BreadcrumbList\",\"@id\":\"https:\\\/\\\/tschuschner.de\\\/#breadcrumb\",\"itemListElement\":[{\"@type\":\"ListItem\",\"position\":1,\"name\":\"Startseite\",\"item\":\"https:\\\/\\\/tschuschner.de\\\/\"},{\"@type\":\"ListItem\",\"position\":2,\"name\":\"Fotografie und Grafik\"}]},{\"@type\":\"WebSite\",\"@id\":\"https:\\\/\\\/tschuschner.de\\\/#website\",\"url\":\"https:\\\/\\\/tschuschner.de\\\/\",\"name\":\"Fotos vom Profi\",\"description\":\"aus Gr\u00e4felfing im W\u00fcrmtal\",\"potentialAction\":[{\"@type\":\"SearchAction\",\"target\":{\"@type\":\"EntryPoint\",\"urlTemplate\":\"https:\\\/\\\/tschuschner.de\\\/?s={search_term_string}\"},\"query-input\":{\"@type\":\"PropertyValueSpecification\",\"valueRequired\":true,\"valueName\":\"search_term_string\"}}],\"inLanguage\":\"de\"}]}<\/script>\n<!-- \/ Yoast SEO plugin. -->","yoast_head_json":{"title":"Fotografie und Grafik - Fotostudio in Gr\u00e4felfing im W\u00fcrmtal","description":"Fotograf in Gr\u00e4felfing f\u00fcr Business- und private Fotografie in den Bereichen Portrait, Werbung, Events, Architektur und Drohnenaufnahmen","robots":{"index":"index","follow":"follow","max-snippet":"max-snippet:-1","max-image-preview":"max-image-preview:large","max-video-preview":"max-video-preview:-1"},"canonical":"https:\/\/tschuschner.de\/","og_locale":"de_DE","og_type":"article","og_title":"Fotografie und Grafik - Fotostudio in Gr\u00e4felfing im W\u00fcrmtal","og_description":"Fotograf in Gr\u00e4felfing f\u00fcr Business- und private Fotografie in den Bereichen Portrait, Werbung, Events, Architektur und Drohnenaufnahmen","og_url":"https:\/\/tschuschner.de\/","og_site_name":"Fotos vom Profi","article_modified_time":"2026-03-27T11:09:43+00:00","og_image":[{"width":249,"height":249,"url":"https:\/\/tschuschner.de\/wp-content\/uploads\/2024\/04\/businessportrait_beitragsbild.jpg","type":"image\/jpeg"}],"twitter_card":"summary_large_image","twitter_misc":{"Gesch\u00e4tzte Lesezeit":"2\u00a0Minuten"},"schema":{"@context":"https:\/\/schema.org","@graph":[{"@type":"WebPage","@id":"https:\/\/tschuschner.de\/","url":"https:\/\/tschuschner.de\/","name":"Fotografie und Grafik - Fotostudio in Gr\u00e4felfing im W\u00fcrmtal","isPartOf":{"@id":"https:\/\/tschuschner.de\/#website"},"primaryImageOfPage":{"@id":"https:\/\/tschuschner.de\/#primaryimage"},"image":{"@id":"https:\/\/tschuschner.de\/#primaryimage"},"thumbnailUrl":"https:\/\/tschuschner.de\/wp-content\/uploads\/2024\/04\/businessportrait_beitragsbild.jpg","datePublished":"2024-01-10T16:33:19+00:00","dateModified":"2026-03-27T11:09:43+00:00","description":"Fotograf in Gr\u00e4felfing f\u00fcr Business- und private Fotografie in den Bereichen Portrait, Werbung, Events, Architektur und Drohnenaufnahmen","breadcrumb":{"@id":"https:\/\/tschuschner.de\/#breadcrumb"},"inLanguage":"de","potentialAction":[{"@type":"ReadAction","target":["https:\/\/tschuschner.de\/"]}]},{"@type":"ImageObject","inLanguage":"de","@id":"https:\/\/tschuschner.de\/#primaryimage","url":"https:\/\/tschuschner.de\/wp-content\/uploads\/2024\/04\/businessportrait_beitragsbild.jpg","contentUrl":"https:\/\/tschuschner.de\/wp-content\/uploads\/2024\/04\/businessportrait_beitragsbild.jpg","width":249,"height":249,"caption":"businessportrait_beitragsbild Fotograf Michael Tschuschner"},{"@type":"BreadcrumbList","@id":"https:\/\/tschuschner.de\/#breadcrumb","itemListElement":[{"@type":"ListItem","position":1,"name":"Startseite","item":"https:\/\/tschuschner.de\/"},{"@type":"ListItem","position":2,"name":"Fotografie und Grafik"}]},{"@type":"WebSite","@id":"https:\/\/tschuschner.de\/#website","url":"https:\/\/tschuschner.de\/","name":"Fotos vom Profi","description":"aus Gr\u00e4felfing im W\u00fcrmtal","potentialAction":[{"@type":"SearchAction","target":{"@type":"EntryPoint","urlTemplate":"https:\/\/tschuschner.de\/?s={search_term_string}"},"query-input":{"@type":"PropertyValueSpecification","valueRequired":true,"valueName":"search_term_string"}}],"inLanguage":"de"}]}},"_links":{"self":[{"href":"https:\/\/tschuschner.de\/index.php?rest_route=\/wp\/v2\/pages\/318","targetHints":{"allow":["GET"]}}],"collection":[{"href":"https:\/\/tschuschner.de\/index.php?rest_route=\/wp\/v2\/pages"}],"about":[{"href":"https:\/\/tschuschner.de\/index.php?rest_route=\/wp\/v2\/types\/page"}],"author":[{"embeddable":true,"href":"https:\/\/tschuschner.de\/index.php?rest_route=\/wp\/v2\/users\/1"}],"replies":[{"embeddable":true,"href":"https:\/\/tschuschner.de\/index.php?rest_route=%2Fwp%2Fv2%2Fcomments&post=318"}],"version-history":[{"count":47,"href":"https:\/\/tschuschner.de\/index.php?rest_route=\/wp\/v2\/pages\/318\/revisions"}],"predecessor-version":[{"id":1258,"href":"https:\/\/tschuschner.de\/index.php?rest_route=\/wp\/v2\/pages\/318\/revisions\/1258"}],"wp:featuredmedia":[{"embeddable":true,"href":"https:\/\/tschuschner.de\/index.php?rest_route=\/wp\/v2\/media\/794"}],"wp:attachment":[{"href":"https:\/\/tschuschner.de\/index.php?rest_route=%2Fwp%2Fv2%2Fmedia&parent=318"}],"curies":[{"name":"wp","href":"https:\/\/api.w.org\/{rel}","templated":true}]}}