{"id":351,"date":"2024-01-26T16:57:45","date_gmt":"2024-01-26T16:57:45","guid":{"rendered":"https:\/\/tschuschner.com\/?page_id=351"},"modified":"2026-02-27T17:04:25","modified_gmt":"2026-02-27T17:04:25","slug":"preise","status":"publish","type":"page","link":"https:\/\/tschuschner.de\/?page_id=351","title":{"rendered":"Preise"},"content":{"rendered":"<section class=\"wpb-content-wrapper\"><p>[vc_row css=\u201c.vc_custom_1707407207591{margin-top: 25px !important;}\u201c][vc_column width=\u201c1\/3\u2033][vc_column_text]<\/p>\n<h2>Bewerbungsfotos<\/h2>\n<p>[\/vc_column_text][vc_hoverbox image=\u201c366\u2033 primary_title=\u201c\u201c hover_title=\u201c\u201c shape=\u201csquare\u201c hover_background_color=\u201ccustom\u201c hover_btn_title=\u201cHotline\u201c hover_add_button=\u201ctrue\u201c css=\u201c.vc_custom_1765643401319{background-color: #000000 !important;}\u201c hover_btn_link=\u201curl:tel%3A%2B491718707571\u2033 hover_custom_background=\u201c#337ebf\u201c]<\/p>\n<h4>Bewerbungsfotos ab 55 EUR<\/h4>\n<p>Aus 15-20 Fotos suchen wir das optimale heraus, bearbeiten es und stellen es digital bereit<\/p>\n<h5>Bewerbungs-Video im Bundle 99 EUR<\/h5>\n<p>Wenn es etwas mehr sein darf f\u00fcr die aussagekr\u00e4ftige Bewerbung wird zus\u00e4tzlich ein Video mit Mimik, Gestik und Sprachmessage aufgenommen[\/vc_hoverbox][\/vc_column][vc_column width=\u201c1\/3\u2033][vc_column_text]<\/p>\n<h2>Familienfotos<\/h2>\n<p>[\/vc_column_text][vc_hoverbox image=\u201c1216\u2033 primary_title=\u201c\u201c hover_title=\u201c\u201c shape=\u201csquare\u201c hover_background_color=\u201ccustom\u201c hover_btn_title=\u201cHotline\u201c hover_add_button=\u201ctrue\u201c css=\u201c.vc_custom_1766844368342{background-color: #000000 !important;}\u201c hover_btn_link=\u201curl:tel%3A%2B491718707571\u2033 hover_custom_background=\u201c#337ebf\u201c]<\/p>\n<h4>Familienshooting ab 149 EUR<\/h4>\n<p>Outfit-Wechsel f\u00fcr ein Weihnachtsshooting, Nikolausshooting, Faschingsshooting, Osterhasenshooting, Halloweenshooting etc.<\/p>\n<p>alles ist m\u00f6glich.<\/p>\n<p>Aus 80-160 Fotos suchen wir drei optimale Fotos heraus, bearbeiten sie und stellen sie digital bereit[\/vc_hoverbox][\/vc_column][vc_column width=\u201c1\/3\u2033][vc_column_text]<\/p>\n<h2>Portraitserie<\/h2>\n<p>[\/vc_column_text][vc_hoverbox image=\u201c1220\u2033 primary_title=\u201c\u201c primary_align=\u201cjustify\u201c hover_title=\u201c\u201c shape=\u201csquare\u201c hover_background_color=\u201ccustom\u201c hover_btn_title=\u201cHotline\u201c hover_add_button=\u201ctrue\u201c css=\u201c.vc_custom_1765646165911{background-color: #000000 !important;}\u201c hover_btn_link=\u201curl:tel%3A%2B491718707571\u2033 hover_custom_background=\u201c#337ebf\u201c]<\/p>\n<h4>Portraitserie ab 99 EUR<\/h4>\n<p>Bis zu drei Outfit-Wechsel<\/p>\n<p>Andere Frisuren, anderes Make-Up<\/p>\n<p>Mit und ohne Brille<\/p>\n<p>Mal ernst mal gl\u00fccklich<\/p>\n<p>Aus 30-60 Fotos suchen wir das optimale heraus, bearbeiten es und stellen es digital bereit[\/vc_hoverbox][\/vc_column][\/vc_row][vc_row css=\u201c.vc_custom_1707407260491{margin-top: 50px !important;}\u201c][vc_column width=\u201c1\/3\u2033][vc_column_text]<\/p>\n<h2>Events<\/h2>\n<p>[\/vc_column_text][vc_hoverbox image=\u201c523\u2033 primary_title=\u201c\u201c hover_title=\u201c\u201c shape=\u201csquare\u201c hover_background_color=\u201ccustom\u201c hover_btn_title=\u201cHotline\u201c hover_add_button=\u201ctrue\u201c css=\u201c.vc_custom_1765647696786{background-color: #000000 !important;}\u201c hover_custom_background=\u201c#337ebf\u201c hover_btn_link=\u201curl:tel%3A%2B491718707571\u2033]<\/p>\n<h5>Events (ab 1 Std.)<\/h5>\n<p>Du planst:<\/p>\n<ul>\n<li>ein Firmenevent wie z. B. eine Weihnachtsfeier<\/li>\n<li>eine Familienfeier oder\u00a0einen runden Geburtstag?<\/li>\n<\/ul>\n<p><strong>Grundpreis 100 EUR<\/strong><\/p>\n<h5>1 bis 3 Stunden 110 \u20ac\/Std. \u2013 bis 5 Stunden 100 \u20ac\/Std.<\/h5>\n<p>[\/vc_hoverbox][\/vc_column][vc_column width=\u201c1\/3\u2033][vc_column_text]<\/p>\n<h2>Hochzeit<\/h2>\n<p>[\/vc_column_text][vc_hoverbox image=\u201c392\u2033 primary_title=\u201c\u201c hover_title=\u201c\u201c shape=\u201csquare\u201c hover_background_color=\u201ccustom\u201c hover_btn_title=\u201cHotline\u201c hover_add_button=\u201ctrue\u201c css=\u201c.vc_custom_1772211635038{background-color: #000000 !important;}\u201c hover_custom_background=\u201c#337ebf\u201c hover_btn_link=\u201curl:tel%3A%2B491718707571\u2033]<\/p>\n<h5>Hochzeiten Grundpreis 150 EUR<\/h5>\n<p>Ihr plant eine standesamtliche und\/oder kirchliche Hochzeit?\u00a0<\/p>\n<p>oder<\/p>\n<p>ein Paarshooting und eine Hochzeitsparty?<\/p>\n<h5>1 bis 3 Stunden 110 \u20ac\/Std.<\/h5>\n<h5>ab 4 Stunden 100 \u20ac\u00a0<\/h5>\n<p>Wir sind in ganz Bayern unterwegs. An- und Abfahrt auf Anfrage.[\/vc_hoverbox][\/vc_column][vc_column width=\u201c1\/3\u2033][vc_column_text]<\/p>\n<h2>Business | Werbung<\/h2>\n<p>[\/vc_column_text][vc_hoverbox image=\u201c560\u2033 primary_title=\u201c\u201c hover_title=\u201c\u201c shape=\u201csquare\u201c hover_background_color=\u201ccustom\u201c hover_btn_title=\u201cHotline\u201c hover_add_button=\u201ctrue\u201c css=\u201c.vc_custom_1720866028503{background-color: #000000 !important;}\u201c hover_custom_background=\u201c#337ebf\u201c hover_btn_link=\u201curl:tel%3A%2B491718707571\u2033]<\/p>\n<h5>Websitefotos\u00a0<\/h5>\n<p>Aus 5-10 Fotos suchen wir das optimale heraus, bearbeiten es und stellen es digital bereit<\/p>\n<p><strong>Mitarbeiterfotos 49 EUR\/St\u00fcck<\/strong><br \/>\nMengenstaffelpreise auf Anfrage<\/p>\n<p><strong>Produktfotos 29 EUR\/St\u00fcck<br \/>\n<\/strong>Mengenstaffelpreise auf Anfrage<\/p>\n<h5>Preise zzgl. MwSt.<\/h5>\n<p>[\/vc_hoverbox][\/vc_column][\/vc_row][vc_row css=\u201c.vc_custom_1765647349225{margin-top: 50px !important;}\u201c][vc_column width=\u201c1\/3\u2033][vc_column_text]<\/p>\n<h2>Architekur<\/h2>\n<p>[\/vc_column_text][vc_hoverbox image=\u201c427\u2033 primary_title=\u201c\u201c hover_title=\u201c\u201c shape=\u201csquare\u201c hover_background_color=\u201ccustom\u201c hover_btn_title=\u201cHotline\u201c hover_add_button=\u201ctrue\u201c css=\u201c.vc_custom_1709977896822{background-color: #000000 !important;}\u201c hover_custom_background=\u201c#337ebf\u201c hover_btn_link=\u201curl:tel%3A%2B491718707571\u2033]<\/p>\n<h5>Architekturfotos ab 49 EUR<\/h5>\n<p>Wir suchen die sch\u00f6nste Perspektive heraus, bearbeiten es und stellen es digital bereit.<\/p>\n<p>Mengenstaffelpreise auf Anfrage<\/p>\n<h5>Ob von innen oder au\u00dfen setzen wir dein Objekt ins richtige Licht \u2013 aus der richtigen Perspektive.<\/h5>\n<p>In der Nachbearbeitung erfolgt die Ausrichtung der Fluchtlinien und die Retusche.[\/vc_hoverbox][\/vc_column][vc_column width=\u201c1\/3\u2033][vc_column_text]<\/p>\n<h2>Drohnen-Fotos<\/h2>\n<p>[\/vc_column_text][vc_hoverbox image=\u201c986\u2033 primary_title=\u201c\u201c hover_title=\u201c\u201c shape=\u201csquare\u201c hover_background_color=\u201ccustom\u201c hover_btn_title=\u201cHotline\u201c hover_add_button=\u201ctrue\u201c hover_custom_background=\u201c#337ebf\u201c hover_btn_link=\u201curl:tel%3A%2B491718707571\u2033]<\/p>\n<h5>Drohnen-Fotos ab 99 EUR<\/h5>\n<ul>\n<li>Architektur<\/li>\n<li>Events<\/li>\n<li>Hochzeiten<\/li>\n<\/ul>\n<p>\u2026 alles aus einer spannenden Perspektive!<\/p>\n<p>Wir beraten dich gerne<br \/>\nzu den vielen Aufnahmem\u00f6glichkeiten.<\/p>\n<p>Oder hast du schon eigene Vorstellungen?[\/vc_hoverbox][\/vc_column][vc_column width=\u201c1\/3\u2033][vc_column_text]<\/p>\n<h2>Drohnen-Videos<\/h2>\n<p>[\/vc_column_text][vc_hoverbox image=\u201c985\u2033 primary_title=\u201c\u201c hover_title=\u201c\u201c shape=\u201csquare\u201c hover_background_color=\u201ccustom\u201c hover_btn_title=\u201cHotline\u201c hover_add_button=\u201ctrue\u201c hover_custom_background=\u201c#337ebf\u201c hover_btn_link=\u201curl:tel%3A%2B491718707571\u2033]<\/p>\n<h5>Drohnen-Videos ab 150 EUR<\/h5>\n<ul>\n<li>Sportveranstaltung,<\/li>\n<li>Events,<\/li>\n<li>Hochzeiten<\/li>\n<\/ul>\n<p>\u2026 alles aus einer spannenden Perspektive!<\/p>\n<p>Wir beraten dich gerne<br \/>\nzu den vielen Aufnahmem\u00f6glichkeiten.<\/p>\n<p>Oder hast du bereits eine Shotlist?[\/vc_hoverbox][\/vc_column][\/vc_row][vc_row css=\u201c.vc_custom_1707665031677{margin-top: 50px !important;}\u201c][vc_column][vc_column_text]<\/p>\n<h2>Vielen Dank f\u00fcr Dein Interesse an meinen Dienstleistungen!<\/h2>\n<h6>Hinter den Bildtafeln findest du eine \u00dcbersicht \u00fcber unsere Preise f\u00fcr verschiedene Fotografie-Services. Bitte beachte, dass die angegebenen Preise Richtwerte sind und je nach Umfang des Projekts variieren k\u00f6nnen.\u00a0<\/h6>\n<h6>F\u00fcr ma\u00dfgeschneiderte Angebote, Paketpreise oder weitere Informationen zu unseren Dienstleistungen stehen wir dir gerne zur Verf\u00fcgung. Kontaktiere uns noch heute, um Dein individuelles Fotoshooting zu planen und unvergessliche Momente festzuhalten.<\/h6>\n<h4>Wir freuen uns darauf, von Dir zu h\u00f6ren!<\/h4>\n<p>[\/vc_column_text][\/vc_column][\/vc_row][vc_row][vc_column][vc_column_text]<\/p>\n<h4>Ich interessiere mich f\u00fcr einen dieser Bereiche:<\/h4>\n<h6>Portraitfotografie:<br \/>\nEinzelportraits, Paarportraits, Familienshootings<\/h6>\n<h6>Businessfotografie:<br \/>\nBusinessportraits, Teamfotos, Produktfotos, Arbeitsprozesse-Fotos, Firmenportraits<\/h6>\n<h6>Eventfotografie:<br \/>\nHochzeitsfotografie, Taufe, Geburtstage, Jubil\u00e4en, Musikveranstaltungen, Abifeier<\/h6>\n<h6>Werbefotografie:<br \/>\nProduktfotos, Arbeitsprozesse und Technische Ger\u00e4te, Firmengeb\u00e4ude, Werbefotos f\u00fcr Webseiten und Marketing-Medien<\/h6>\n<h6>Architekturfotografie und Drohnenaufnahmen:<br \/>\nArchitekturfotos von Firmengeb\u00e4uden, Immobilienfotos f\u00fcr Makler, Drohnenaufnahmen<\/h6>\n<h4>Bitte ruf mich unter <a href=\"tel:+491718707571\"><strong>0171 870 75 71<\/strong><\/a> an oder sprich auf den AB, da ich w\u00e4hrend der Shootings oft schlecht telefonieren kann.<br \/>\nOder sende eine Anfrage \u00fcber dieses Formular:<\/h4>\n<p>\u00a0[\/vc_column_text]\n<div class=\"wpcf7 no-js\" id=\"wpcf7-f599-o1\" lang=\"de-DE\" dir=\"ltr\" data-wpcf7-id=\"599\">\n<div class=\"screen-reader-response\"><p role=\"status\" aria-live=\"polite\" aria-atomic=\"true\"><\/p> <ul><\/ul><\/div>\n<form action=\"\/index.php?rest_route=%2Fwp%2Fv2%2Fpages%2F351#wpcf7-f599-o1\" method=\"post\" class=\"wpcf7-form init\" aria-label=\"Kontaktformular\" novalidate=\"novalidate\" data-status=\"init\">\n<fieldset class=\"hidden-fields-container\"><input type=\"hidden\" name=\"_wpcf7\" value=\"599\" \/><input type=\"hidden\" name=\"_wpcf7_version\" value=\"6.1.5\" \/><input type=\"hidden\" name=\"_wpcf7_locale\" value=\"de_DE\" \/><input type=\"hidden\" name=\"_wpcf7_unit_tag\" value=\"wpcf7-f599-o1\" \/><input type=\"hidden\" name=\"_wpcf7_container_post\" value=\"0\" \/><input type=\"hidden\" name=\"_wpcf7_posted_data_hash\" value=\"\" \/>\n<\/fieldset>\n<p><label> Dein Name*<br \/>\n<span class=\"wpcf7-form-control-wrap\" data-name=\"your-name\"><input size=\"40\" maxlength=\"400\" class=\"wpcf7-form-control wpcf7-text wpcf7-validates-as-required\" autocomplete=\"name\" aria-required=\"true\" aria-invalid=\"false\" value=\"\" type=\"text\" name=\"your-name\" \/><\/span> <\/label>\n<\/p>\n<p><label> Deine E-Mail-Adresse*<br \/>\n<span class=\"wpcf7-form-control-wrap\" data-name=\"your-email\"><input size=\"40\" maxlength=\"400\" class=\"wpcf7-form-control wpcf7-email wpcf7-validates-as-required wpcf7-text wpcf7-validates-as-email\" autocomplete=\"email\" aria-required=\"true\" aria-invalid=\"false\" value=\"\" type=\"email\" name=\"your-email\" \/><\/span> <\/label>\n<\/p>\n<p><label> Deine Telefonnummer*<br \/>\n<span class=\"wpcf7-form-control-wrap\" data-name=\"tel-813\"><input size=\"40\" maxlength=\"400\" class=\"wpcf7-form-control wpcf7-tel wpcf7-validates-as-required wpcf7-text wpcf7-validates-as-tel\" autocomplete=\"tel\" aria-required=\"true\" aria-invalid=\"false\" value=\"\" type=\"tel\" name=\"tel-813\" \/><\/span> <\/label>\n<\/p>\n<p><label> Betreff*<br \/>\n<span class=\"wpcf7-form-control-wrap\" data-name=\"your-subject\"><input size=\"40\" maxlength=\"400\" class=\"wpcf7-form-control wpcf7-text wpcf7-validates-as-required\" aria-required=\"true\" aria-invalid=\"false\" value=\"\" type=\"text\" name=\"your-subject\" \/><\/span> <\/label>\n<\/p>\n<p><label> Deine Nachricht<br \/>\n<span class=\"wpcf7-form-control-wrap\" data-name=\"your-message\"><textarea cols=\"40\" rows=\"10\" maxlength=\"2000\" class=\"wpcf7-form-control wpcf7-textarea\" aria-invalid=\"false\" name=\"your-message\"><\/textarea><\/span> <\/label><br \/>\n<span id=\"wpcf7-69fb2ad2695b7-wrapper\" class=\"wpcf7-form-control-wrap honeypot-561-wrap\" ><input type=\"hidden\" name=\"honeypot-561-time-start\" value=\"1778068178\"><input type=\"hidden\" name=\"honeypot-561-time-check\" value=\"4\"><label for=\"wpcf7-69fb2ad2695b7-field\" class=\"hp-message\">Bitte lasse dieses Feld leer.<\/label><input id=\"wpcf7-69fb2ad2695b7-field\"  class=\"wpcf7-form-control wpcf7-text\" type=\"text\" name=\"honeypot-561\" value=\"\" size=\"40\" tabindex=\"-1\" autocomplete=\"new-password\" \/><\/span>\n<\/p>\n<p><span class=\"wpcf7-form-control-wrap\" data-name=\"checkbox-852\"><span class=\"wpcf7-form-control wpcf7-checkbox wpcf7-validates-as-required\"><span class=\"wpcf7-list-item first last\"><label><input type=\"checkbox\" name=\"checkbox-852[]\" value=\"Ich akzeptiere die AGBs\" \/><span class=\"wpcf7-list-item-label\">Ich akzeptiere die AGBs<\/span><\/label><\/span><\/span><\/span>\n<\/p>\n<p>Pflichtfelder*\n<\/p>\n<p><input class=\"wpcf7-form-control wpcf7-submit has-spinner\" type=\"submit\" value=\"Senden\" \/>\n<\/p><div class=\"wpcf7-response-output\" aria-hidden=\"true\"><\/div>\n<\/form>\n<\/div>\n[\/vc_column][\/vc_row]<\/p>\n<\/section>","protected":false},"excerpt":{"rendered":"<p>[vc_row css=\u201c.vc_custom_1707407207591{margin-top: 25px !important;}\u201c][vc_column width=\u201c1\/3\u2033][vc_column_text] Bewerbungsfotos [\/vc_column_text][vc_hoverbox image=\u201c366\u2033 primary_title=\u201c\u201c hover_title=\u201c\u201c shape=\u201csquare\u201c hover_background_color=\u201ccustom\u201c hover_btn_title=\u201cHotline\u201c hover_add_button=\u201ctrue\u201c css=\u201c.vc_custom_1765643401319{background-color: #000000 !important;}\u201c hover_btn_link=\u201curl:tel%3A%2B491718707571\u2033 hover_custom_background=\u201c#337ebf\u201c] Bewerbungsfotos ab 55 EUR Aus 15-20 Fotos suchen wir das optimale heraus, bearbeiten es und stellen es digital bereit Bewerbungs-Video im Bundle 99 EUR Wenn es etwas mehr sein darf f\u00fcr die aussagekr\u00e4ftige Bewerbung wird zus\u00e4tzlich [&hellip;]<\/p>\n","protected":false},"author":1,"featured_media":0,"parent":0,"menu_order":0,"comment_status":"closed","ping_status":"closed","template":"","meta":{"ngg_post_thumbnail":0,"footnotes":""},"class_list":["post-351","page","type-page","status-publish","hentry"],"yoast_head":"<!-- This site is optimized with the Yoast SEO plugin v27.5 - https:\/\/yoast.com\/product\/yoast-seo-wordpress\/ -->\n<title>Preise - Fotos vom Profi<\/title>\n<meta name=\"description\" content=\"Hier erf\u00e4hrst du die Preise f\u00fcr alle Fotobereiche Studio\/Indoor\/Outdoor buchbar f\u00fcr beliebige Zeiten am Ort deiner Wahl!\" \/>\n<meta name=\"robots\" content=\"index, follow, max-snippet:-1, max-image-preview:large, max-video-preview:-1\" \/>\n<link rel=\"canonical\" href=\"https:\/\/tschuschner.de\/?page_id=351\" \/>\n<meta property=\"og:locale\" content=\"de_DE\" \/>\n<meta property=\"og:type\" content=\"article\" \/>\n<meta property=\"og:title\" content=\"Preise - Fotos vom Profi\" \/>\n<meta property=\"og:description\" content=\"Hier erf\u00e4hrst du die Preise f\u00fcr alle Fotobereiche Studio\/Indoor\/Outdoor buchbar f\u00fcr beliebige Zeiten am Ort deiner Wahl!\" \/>\n<meta property=\"og:url\" content=\"https:\/\/tschuschner.de\/?page_id=351\" \/>\n<meta property=\"og:site_name\" content=\"Fotos vom Profi\" \/>\n<meta property=\"article:modified_time\" content=\"2026-02-27T17:04:25+00:00\" \/>\n<meta name=\"twitter:card\" content=\"summary_large_image\" \/>\n<meta name=\"twitter:label1\" content=\"Gesch\u00e4tzte Lesezeit\" \/>\n\t<meta name=\"twitter:data1\" content=\"6\u00a0Minuten\" \/>\n<script type=\"application\/ld+json\" class=\"yoast-schema-graph\">{\"@context\":\"https:\\\/\\\/schema.org\",\"@graph\":[{\"@type\":\"WebPage\",\"@id\":\"https:\\\/\\\/tschuschner.de\\\/?page_id=351\",\"url\":\"https:\\\/\\\/tschuschner.de\\\/?page_id=351\",\"name\":\"Preise - Fotos vom Profi\",\"isPartOf\":{\"@id\":\"https:\\\/\\\/tschuschner.de\\\/#website\"},\"datePublished\":\"2024-01-26T16:57:45+00:00\",\"dateModified\":\"2026-02-27T17:04:25+00:00\",\"description\":\"Hier erf\u00e4hrst du die Preise f\u00fcr alle Fotobereiche Studio\\\/Indoor\\\/Outdoor buchbar f\u00fcr beliebige Zeiten am Ort deiner Wahl!\",\"breadcrumb\":{\"@id\":\"https:\\\/\\\/tschuschner.de\\\/?page_id=351#breadcrumb\"},\"inLanguage\":\"de\",\"potentialAction\":[{\"@type\":\"ReadAction\",\"target\":[\"https:\\\/\\\/tschuschner.de\\\/?page_id=351\"]}]},{\"@type\":\"BreadcrumbList\",\"@id\":\"https:\\\/\\\/tschuschner.de\\\/?page_id=351#breadcrumb\",\"itemListElement\":[{\"@type\":\"ListItem\",\"position\":1,\"name\":\"Startseite\",\"item\":\"https:\\\/\\\/tschuschner.de\\\/\"},{\"@type\":\"ListItem\",\"position\":2,\"name\":\"Preise\"}]},{\"@type\":\"WebSite\",\"@id\":\"https:\\\/\\\/tschuschner.de\\\/#website\",\"url\":\"https:\\\/\\\/tschuschner.de\\\/\",\"name\":\"Fotos vom Profi\",\"description\":\"aus Gr\u00e4felfing im W\u00fcrmtal\",\"potentialAction\":[{\"@type\":\"SearchAction\",\"target\":{\"@type\":\"EntryPoint\",\"urlTemplate\":\"https:\\\/\\\/tschuschner.de\\\/?s={search_term_string}\"},\"query-input\":{\"@type\":\"PropertyValueSpecification\",\"valueRequired\":true,\"valueName\":\"search_term_string\"}}],\"inLanguage\":\"de\"}]}<\/script>\n<!-- \/ Yoast SEO plugin. -->","yoast_head_json":{"title":"Preise - Fotos vom Profi","description":"Hier erf\u00e4hrst du die Preise f\u00fcr alle Fotobereiche Studio\/Indoor\/Outdoor buchbar f\u00fcr beliebige Zeiten am Ort deiner Wahl!","robots":{"index":"index","follow":"follow","max-snippet":"max-snippet:-1","max-image-preview":"max-image-preview:large","max-video-preview":"max-video-preview:-1"},"canonical":"https:\/\/tschuschner.de\/?page_id=351","og_locale":"de_DE","og_type":"article","og_title":"Preise - Fotos vom Profi","og_description":"Hier erf\u00e4hrst du die Preise f\u00fcr alle Fotobereiche Studio\/Indoor\/Outdoor buchbar f\u00fcr beliebige Zeiten am Ort deiner Wahl!","og_url":"https:\/\/tschuschner.de\/?page_id=351","og_site_name":"Fotos vom Profi","article_modified_time":"2026-02-27T17:04:25+00:00","twitter_card":"summary_large_image","twitter_misc":{"Gesch\u00e4tzte Lesezeit":"6\u00a0Minuten"},"schema":{"@context":"https:\/\/schema.org","@graph":[{"@type":"WebPage","@id":"https:\/\/tschuschner.de\/?page_id=351","url":"https:\/\/tschuschner.de\/?page_id=351","name":"Preise - Fotos vom Profi","isPartOf":{"@id":"https:\/\/tschuschner.de\/#website"},"datePublished":"2024-01-26T16:57:45+00:00","dateModified":"2026-02-27T17:04:25+00:00","description":"Hier erf\u00e4hrst du die Preise f\u00fcr alle Fotobereiche Studio\/Indoor\/Outdoor buchbar f\u00fcr beliebige Zeiten am Ort deiner Wahl!","breadcrumb":{"@id":"https:\/\/tschuschner.de\/?page_id=351#breadcrumb"},"inLanguage":"de","potentialAction":[{"@type":"ReadAction","target":["https:\/\/tschuschner.de\/?page_id=351"]}]},{"@type":"BreadcrumbList","@id":"https:\/\/tschuschner.de\/?page_id=351#breadcrumb","itemListElement":[{"@type":"ListItem","position":1,"name":"Startseite","item":"https:\/\/tschuschner.de\/"},{"@type":"ListItem","position":2,"name":"Preise"}]},{"@type":"WebSite","@id":"https:\/\/tschuschner.de\/#website","url":"https:\/\/tschuschner.de\/","name":"Fotos vom Profi","description":"aus Gr\u00e4felfing im W\u00fcrmtal","potentialAction":[{"@type":"SearchAction","target":{"@type":"EntryPoint","urlTemplate":"https:\/\/tschuschner.de\/?s={search_term_string}"},"query-input":{"@type":"PropertyValueSpecification","valueRequired":true,"valueName":"search_term_string"}}],"inLanguage":"de"}]}},"_links":{"self":[{"href":"https:\/\/tschuschner.de\/index.php?rest_route=\/wp\/v2\/pages\/351","targetHints":{"allow":["GET"]}}],"collection":[{"href":"https:\/\/tschuschner.de\/index.php?rest_route=\/wp\/v2\/pages"}],"about":[{"href":"https:\/\/tschuschner.de\/index.php?rest_route=\/wp\/v2\/types\/page"}],"author":[{"embeddable":true,"href":"https:\/\/tschuschner.de\/index.php?rest_route=\/wp\/v2\/users\/1"}],"replies":[{"embeddable":true,"href":"https:\/\/tschuschner.de\/index.php?rest_route=%2Fwp%2Fv2%2Fcomments&post=351"}],"version-history":[{"count":56,"href":"https:\/\/tschuschner.de\/index.php?rest_route=\/wp\/v2\/pages\/351\/revisions"}],"predecessor-version":[{"id":1249,"href":"https:\/\/tschuschner.de\/index.php?rest_route=\/wp\/v2\/pages\/351\/revisions\/1249"}],"wp:attachment":[{"href":"https:\/\/tschuschner.de\/index.php?rest_route=%2Fwp%2Fv2%2Fmedia&parent=351"}],"curies":[{"name":"wp","href":"https:\/\/api.w.org\/{rel}","templated":true}]}}