{"id":377,"date":"2024-02-08T14:13:30","date_gmt":"2024-02-08T14:13:30","guid":{"rendered":"https:\/\/tschuschner.com\/?page_id=377"},"modified":"2024-10-23T13:32:00","modified_gmt":"2024-10-23T13:32:00","slug":"fotostudio","status":"publish","type":"page","link":"https:\/\/tschuschner.de\/?page_id=377","title":{"rendered":"Fotostudio"},"content":{"rendered":"<section class=\"wpb-content-wrapper\"><p>[vc_row][vc_column][vc_column_text]<\/p>\n<h5>Bitte w\u00e4hle aus dem Men\u00fc deinen Bereich aus:<\/h5>\n<h6><strong>Portraitfotografie:<\/strong><br \/>\nEinzelportraits, Paarportraits, Familienshootings<\/h6>\n<h6><strong>Businessfotografie:<\/strong><br \/>\nBusinessportraits, Teamfotos, Produktfotos, Arbeitsprozesse-Fotos, Firmenportraits<\/h6>\n<h6><strong>Eventfotografie:<\/strong><br \/>\nHochzeitsfotografie, Taufe, Geburtstage, Jubil\u00e4en, Musikveranstaltungen, Abifeier<\/h6>\n<h6><strong>Werbefotografie:<\/strong><br \/>\nProduktfotos, Arbeitsprozesse und Technische Ger\u00e4te, Firmengeb\u00e4ude, Werbefotos f\u00fcr Webseiten und Marketing-Medien<\/h6>\n<h6><strong>Architekturfotografie und Drohnenaufnahmen:<\/strong><br \/>\nArchitekturfotos von Firmengeb\u00e4uden, Immobilienfotos f\u00fcr Makler, Drohnenaufnahmen<\/h6>\n<p>[\/vc_column_text][\/vc_column][\/vc_row]<\/p>\n<\/section>","protected":false},"excerpt":{"rendered":"<p>[vc_row][vc_column][vc_column_text] Bitte w\u00e4hle aus dem Men\u00fc deinen Bereich aus: Portraitfotografie: Einzelportraits, Paarportraits, Familienshootings Businessfotografie: Businessportraits, Teamfotos, Produktfotos, Arbeitsprozesse-Fotos, Firmenportraits Eventfotografie: Hochzeitsfotografie, Taufe, Geburtstage, Jubil\u00e4en, Musikveranstaltungen, Abifeier Werbefotografie: Produktfotos, Arbeitsprozesse und Technische Ger\u00e4te, Firmengeb\u00e4ude, Werbefotos f\u00fcr Webseiten und Marketing-Medien Architekturfotografie und Drohnenaufnahmen: Architekturfotos von Firmengeb\u00e4uden, Immobilienfotos f\u00fcr Makler, Drohnenaufnahmen [\/vc_column_text][\/vc_column][\/vc_row]<\/p>\n","protected":false},"author":1,"featured_media":0,"parent":0,"menu_order":0,"comment_status":"closed","ping_status":"closed","template":"","meta":{"ngg_post_thumbnail":0,"footnotes":""},"class_list":["post-377","page","type-page","status-publish","hentry"],"yoast_head":"<!-- This site is optimized with the Yoast SEO plugin v27.3 - https:\/\/yoast.com\/product\/yoast-seo-wordpress\/ -->\n<title>Fotostudio - Fotos vom Profi<\/title>\n<meta name=\"robots\" content=\"index, follow, max-snippet:-1, max-image-preview:large, max-video-preview:-1\" \/>\n<link rel=\"canonical\" href=\"https:\/\/tschuschner.de\/?page_id=377\" \/>\n<meta property=\"og:locale\" content=\"de_DE\" \/>\n<meta property=\"og:type\" content=\"article\" \/>\n<meta property=\"og:title\" content=\"Fotostudio - Fotos vom Profi\" \/>\n<meta property=\"og:description\" content=\"[vc_row][vc_column][vc_column_text] Bitte w\u00e4hle aus dem Men\u00fc deinen Bereich aus: Portraitfotografie: Einzelportraits, Paarportraits, Familienshootings Businessfotografie: Businessportraits, Teamfotos, Produktfotos, Arbeitsprozesse-Fotos, Firmenportraits Eventfotografie: Hochzeitsfotografie, Taufe, Geburtstage, Jubil\u00e4en, Musikveranstaltungen, Abifeier Werbefotografie: Produktfotos, Arbeitsprozesse und Technische Ger\u00e4te, Firmengeb\u00e4ude, Werbefotos f\u00fcr Webseiten und Marketing-Medien Architekturfotografie und Drohnenaufnahmen: Architekturfotos von Firmengeb\u00e4uden, Immobilienfotos f\u00fcr Makler, Drohnenaufnahmen [\/vc_column_text][\/vc_column][\/vc_row]\" \/>\n<meta property=\"og:url\" content=\"https:\/\/tschuschner.de\/?page_id=377\" \/>\n<meta property=\"og:site_name\" content=\"Fotos vom Profi\" \/>\n<meta property=\"article:modified_time\" content=\"2024-10-23T13:32:00+00:00\" \/>\n<meta name=\"twitter:card\" content=\"summary_large_image\" \/>\n<meta name=\"twitter:label1\" content=\"Gesch\u00e4tzte Lesezeit\" \/>\n\t<meta name=\"twitter:data1\" content=\"1\u00a0Minute\" \/>\n<script type=\"application\/ld+json\" class=\"yoast-schema-graph\">{\"@context\":\"https:\\\/\\\/schema.org\",\"@graph\":[{\"@type\":\"WebPage\",\"@id\":\"https:\\\/\\\/tschuschner.de\\\/?page_id=377\",\"url\":\"https:\\\/\\\/tschuschner.de\\\/?page_id=377\",\"name\":\"Fotostudio - Fotos vom Profi\",\"isPartOf\":{\"@id\":\"https:\\\/\\\/tschuschner.de\\\/#website\"},\"datePublished\":\"2024-02-08T14:13:30+00:00\",\"dateModified\":\"2024-10-23T13:32:00+00:00\",\"breadcrumb\":{\"@id\":\"https:\\\/\\\/tschuschner.de\\\/?page_id=377#breadcrumb\"},\"inLanguage\":\"de\",\"potentialAction\":[{\"@type\":\"ReadAction\",\"target\":[\"https:\\\/\\\/tschuschner.de\\\/?page_id=377\"]}]},{\"@type\":\"BreadcrumbList\",\"@id\":\"https:\\\/\\\/tschuschner.de\\\/?page_id=377#breadcrumb\",\"itemListElement\":[{\"@type\":\"ListItem\",\"position\":1,\"name\":\"Startseite\",\"item\":\"https:\\\/\\\/tschuschner.de\\\/\"},{\"@type\":\"ListItem\",\"position\":2,\"name\":\"Fotostudio\"}]},{\"@type\":\"WebSite\",\"@id\":\"https:\\\/\\\/tschuschner.de\\\/#website\",\"url\":\"https:\\\/\\\/tschuschner.de\\\/\",\"name\":\"Fotos vom Profi\",\"description\":\"aus Gr\u00e4felfing im W\u00fcrmtal\",\"potentialAction\":[{\"@type\":\"SearchAction\",\"target\":{\"@type\":\"EntryPoint\",\"urlTemplate\":\"https:\\\/\\\/tschuschner.de\\\/?s={search_term_string}\"},\"query-input\":{\"@type\":\"PropertyValueSpecification\",\"valueRequired\":true,\"valueName\":\"search_term_string\"}}],\"inLanguage\":\"de\"}]}<\/script>\n<!-- \/ Yoast SEO plugin. -->","yoast_head_json":{"title":"Fotostudio - Fotos vom Profi","robots":{"index":"index","follow":"follow","max-snippet":"max-snippet:-1","max-image-preview":"max-image-preview:large","max-video-preview":"max-video-preview:-1"},"canonical":"https:\/\/tschuschner.de\/?page_id=377","og_locale":"de_DE","og_type":"article","og_title":"Fotostudio - Fotos vom Profi","og_description":"[vc_row][vc_column][vc_column_text] Bitte w\u00e4hle aus dem Men\u00fc deinen Bereich aus: Portraitfotografie: Einzelportraits, Paarportraits, Familienshootings Businessfotografie: Businessportraits, Teamfotos, Produktfotos, Arbeitsprozesse-Fotos, Firmenportraits Eventfotografie: Hochzeitsfotografie, Taufe, Geburtstage, Jubil\u00e4en, Musikveranstaltungen, Abifeier Werbefotografie: Produktfotos, Arbeitsprozesse und Technische Ger\u00e4te, Firmengeb\u00e4ude, Werbefotos f\u00fcr Webseiten und Marketing-Medien Architekturfotografie und Drohnenaufnahmen: Architekturfotos von Firmengeb\u00e4uden, Immobilienfotos f\u00fcr Makler, Drohnenaufnahmen [\/vc_column_text][\/vc_column][\/vc_row]","og_url":"https:\/\/tschuschner.de\/?page_id=377","og_site_name":"Fotos vom Profi","article_modified_time":"2024-10-23T13:32:00+00:00","twitter_card":"summary_large_image","twitter_misc":{"Gesch\u00e4tzte Lesezeit":"1\u00a0Minute"},"schema":{"@context":"https:\/\/schema.org","@graph":[{"@type":"WebPage","@id":"https:\/\/tschuschner.de\/?page_id=377","url":"https:\/\/tschuschner.de\/?page_id=377","name":"Fotostudio - Fotos vom Profi","isPartOf":{"@id":"https:\/\/tschuschner.de\/#website"},"datePublished":"2024-02-08T14:13:30+00:00","dateModified":"2024-10-23T13:32:00+00:00","breadcrumb":{"@id":"https:\/\/tschuschner.de\/?page_id=377#breadcrumb"},"inLanguage":"de","potentialAction":[{"@type":"ReadAction","target":["https:\/\/tschuschner.de\/?page_id=377"]}]},{"@type":"BreadcrumbList","@id":"https:\/\/tschuschner.de\/?page_id=377#breadcrumb","itemListElement":[{"@type":"ListItem","position":1,"name":"Startseite","item":"https:\/\/tschuschner.de\/"},{"@type":"ListItem","position":2,"name":"Fotostudio"}]},{"@type":"WebSite","@id":"https:\/\/tschuschner.de\/#website","url":"https:\/\/tschuschner.de\/","name":"Fotos vom Profi","description":"aus Gr\u00e4felfing im W\u00fcrmtal","potentialAction":[{"@type":"SearchAction","target":{"@type":"EntryPoint","urlTemplate":"https:\/\/tschuschner.de\/?s={search_term_string}"},"query-input":{"@type":"PropertyValueSpecification","valueRequired":true,"valueName":"search_term_string"}}],"inLanguage":"de"}]}},"_links":{"self":[{"href":"https:\/\/tschuschner.de\/index.php?rest_route=\/wp\/v2\/pages\/377","targetHints":{"allow":["GET"]}}],"collection":[{"href":"https:\/\/tschuschner.de\/index.php?rest_route=\/wp\/v2\/pages"}],"about":[{"href":"https:\/\/tschuschner.de\/index.php?rest_route=\/wp\/v2\/types\/page"}],"author":[{"embeddable":true,"href":"https:\/\/tschuschner.de\/index.php?rest_route=\/wp\/v2\/users\/1"}],"replies":[{"embeddable":true,"href":"https:\/\/tschuschner.de\/index.php?rest_route=%2Fwp%2Fv2%2Fcomments&post=377"}],"version-history":[{"count":6,"href":"https:\/\/tschuschner.de\/index.php?rest_route=\/wp\/v2\/pages\/377\/revisions"}],"predecessor-version":[{"id":1056,"href":"https:\/\/tschuschner.de\/index.php?rest_route=\/wp\/v2\/pages\/377\/revisions\/1056"}],"wp:attachment":[{"href":"https:\/\/tschuschner.de\/index.php?rest_route=%2Fwp%2Fv2%2Fmedia&parent=377"}],"curies":[{"name":"wp","href":"https:\/\/api.w.org\/{rel}","templated":true}]}}