{"id":379,"date":"2024-02-08T14:15:49","date_gmt":"2024-02-08T14:15:49","guid":{"rendered":"https:\/\/tschuschner.com\/?page_id=379"},"modified":"2025-04-25T11:33:00","modified_gmt":"2025-04-25T11:33:00","slug":"portrait","status":"publish","type":"page","link":"https:\/\/tschuschner.de\/?page_id=379","title":{"rendered":"Portrait"},"content":{"rendered":"<section class=\"wpb-content-wrapper\"><p>[vc_row][vc_column][vc_masonry_media_grid grid_id=&#8220;vc_gid:1745579194175-41caad01-d023-5&#8243; include=&#8220;366,359,362,1148,497,368,766,1147,494,768,367,360,495,498,493,502,765,365,759,399,492,891,496,755,499,781,501,371,364,503,570,571,609,753,754,764,1149,782,758,783,784,892,893,972&#8243;][\/vc_column][\/vc_row][vc_row][vc_column][vc_column_text]<\/p>\n<h5>Sie suchen einen professionellen Fotografen in Gr\u00e4felfing im W\u00fcrmtal bei M\u00fcnchen, der Ihre Pers\u00f6nlichkeit gekonnt in Szene setzt? Mitarbeiter von Firmen oder Familien, Kinder und Gro\u00dfeltern &#8211; f\u00fcr jeden gibt es hier das richtige Portrait!<\/h5>\n<h2>Herzlich willkommen im Fotostudio Michael Tschuschner!<\/h2>\n<h6>Als erfahrener Portraitfotograf bin ich spezialisiert auf Businessportraits f\u00fcr Webseiten, Bewerbungsfotos, k\u00fcnstlerische Portraits und Gruppenfotos. Mein Ziel ist es, Ihre Einzigartigkeit und Professionalit\u00e4t durch meine Fotografie zum Ausdruck zu bringen.<\/h6>\n<h4><strong>Businessportraits f\u00fcr einen starken Auftritt<\/strong><\/h4>\n<h6>Ein \u00fcberzeugendes Businessportrait ist heute mehr denn je ein entscheidender Bestandteil Ihrer professionellen Pr\u00e4senz. Mit meiner langj\u00e4hrigen Erfahrung und meinem Gesp\u00fcr f\u00fcr \u00c4sthetik und Stil helfe ich Ihnen dabei, sich von Ihrer besten Seite zu zeigen. Ob f\u00fcr Ihre Firmenwebsite, Ihre Social-Media-Profile oder Ihre Bewerbungsunterlagen \u2013 ich sorge daf\u00fcr, dass Sie einen bleibenden Eindruck hinterlassen.<\/h6>\n<h4><strong>Bewerbungsfotos, die \u00fcberzeugen<\/strong><\/h4>\n<h6>Ihre Bewerbungsfotos sind Ihre Visitenkarte im Bewerbungsprozess. Sie sollten Ihre Pers\u00f6nlichkeit widerspiegeln und gleichzeitig professionell wirken. Bei mir erhalten Sie Bewerbungsfotos, die genau das erreichen. In einem entspannten und professionellen Shooting nehme ich mir Zeit, um Ihre individuellen St\u00e4rken zu betonen und authentische Fotos zu kreieren, die Ihre beruflichen Ambitionen unterst\u00fctzen.<\/h6>\n<h4><strong>K\u00fcnstlerische Portraits f\u00fcr besondere Momente<\/strong><\/h4>\n<h6>Ob Sie sich selbst oder Ihre Liebsten verewigen m\u00f6chten \u2013 k\u00fcnstlerische Portraits sind zeitlose Erinnerungen, die Emotionen und Pers\u00f6nlichkeit einfangen. Als einf\u00fchlsamer Fotograf bin ich darauf spezialisiert, nat\u00fcrliche und ausdrucksstarke Portraits zu schaffen, die Ihre Einzigartigkeit zum Ausdruck bringen. Lassen Sie uns gemeinsam Ihre besonderen Momente festhalten!<\/h6>\n<h4><strong>Gruppenfotos f\u00fcr bleibende Erinnerungen<\/strong><\/h4>\n<h6>Ob Firmenfeier, Familientreffen oder Vereinsveranstaltung \u2013 Gruppenfotos sind eine wunderbare M\u00f6glichkeit, besondere Momente mit Ihren Liebsten oder Kollegen festzuhalten. Mit meinem Auge f\u00fcr Komposition und Detail sorge ich daf\u00fcr, dass Ihr Gruppenfoto nicht nur eine Erinnerung, sondern ein echtes Kunstwerk wird.<\/h6>\n<h5>Kontaktieren Sie mich gerne f\u00fcr ein unverbindliches Beratungsgespr\u00e4ch oder vereinbaren Sie direkt einen Termin f\u00fcr Ihr Fotoshooting.<\/h5>\n<h5>Ich freue mich darauf, Sie kennenzulernen und Ihre Pers\u00f6nlichkeit mit meiner Fotografie zum Strahlen zu bringen.<\/h5>\n<p>[\/vc_column_text][\/vc_column][\/vc_row][vc_row][vc_column][vc_btn title=&#8220;jetzt anrufen&#8220; color=&#8220;blue&#8220; size=&#8220;lg&#8220; align=&#8220;center&#8220; link=&#8220;url:tel%3A%20%2B491718707571&#8243;][\/vc_column][\/vc_row]<\/p>\n<\/section>","protected":false},"excerpt":{"rendered":"<p>[vc_row][vc_column][vc_masonry_media_grid grid_id=&#8220;vc_gid:1745579194175-41caad01-d023-5&#8243; include=&#8220;366,359,362,1148,497,368,766,1147,494,768,367,360,495,498,493,502,765,365,759,399,492,891,496,755,499,781,501,371,364,503,570,571,609,753,754,764,1149,782,758,783,784,892,893,972&#8243;][\/vc_column][\/vc_row][vc_row][vc_column][vc_column_text] Sie suchen einen professionellen Fotografen in Gr\u00e4felfing im W\u00fcrmtal bei M\u00fcnchen, der Ihre Pers\u00f6nlichkeit gekonnt in Szene setzt? Mitarbeiter von Firmen oder Familien, Kinder und Gro\u00dfeltern &#8211; f\u00fcr jeden gibt es hier das richtige Portrait! Herzlich willkommen im Fotostudio Michael Tschuschner! Als erfahrener Portraitfotograf bin ich spezialisiert auf Businessportraits f\u00fcr Webseiten, Bewerbungsfotos, [&hellip;]<\/p>\n","protected":false},"author":1,"featured_media":0,"parent":0,"menu_order":0,"comment_status":"closed","ping_status":"closed","template":"","meta":{"ngg_post_thumbnail":0,"footnotes":""},"class_list":["post-379","page","type-page","status-publish","hentry"],"yoast_head":"<!-- This site is optimized with the Yoast SEO plugin v27.4 - https:\/\/yoast.com\/product\/yoast-seo-wordpress\/ -->\n<title>Portrait Fotografie in Gr\u00e4felfing im W\u00fcrmtal<\/title>\n<meta name=\"description\" content=\"Professionelle Portraitfotografie in Gr\u00e4felfing bei M\u00fcnchen. Businessportraits, Bewerbungsfotos und k\u00fcnstlerische Portraits.\" \/>\n<meta name=\"robots\" content=\"index, follow, max-snippet:-1, max-image-preview:large, max-video-preview:-1\" \/>\n<link rel=\"canonical\" href=\"https:\/\/tschuschner.de\/?page_id=379\" \/>\n<meta property=\"og:locale\" content=\"de_DE\" \/>\n<meta property=\"og:type\" content=\"article\" \/>\n<meta property=\"og:title\" content=\"Portrait Fotografie in Gr\u00e4felfing im W\u00fcrmtal\" \/>\n<meta property=\"og:description\" content=\"Professionelle Portraitfotografie in Gr\u00e4felfing bei M\u00fcnchen. Businessportraits, Bewerbungsfotos und k\u00fcnstlerische Portraits.\" \/>\n<meta property=\"og:url\" content=\"https:\/\/tschuschner.de\/?page_id=379\" \/>\n<meta property=\"og:site_name\" content=\"Fotos vom Profi\" \/>\n<meta property=\"article:modified_time\" content=\"2025-04-25T11:33:00+00:00\" \/>\n<meta name=\"twitter:card\" content=\"summary_large_image\" \/>\n<meta name=\"twitter:label1\" content=\"Gesch\u00e4tzte Lesezeit\" \/>\n\t<meta name=\"twitter:data1\" content=\"6\u00a0Minuten\" \/>\n<script type=\"application\/ld+json\" class=\"yoast-schema-graph\">{\"@context\":\"https:\\\/\\\/schema.org\",\"@graph\":[{\"@type\":\"WebPage\",\"@id\":\"https:\\\/\\\/tschuschner.de\\\/?page_id=379\",\"url\":\"https:\\\/\\\/tschuschner.de\\\/?page_id=379\",\"name\":\"Portrait Fotografie in Gr\u00e4felfing im W\u00fcrmtal\",\"isPartOf\":{\"@id\":\"https:\\\/\\\/tschuschner.de\\\/#website\"},\"datePublished\":\"2024-02-08T14:15:49+00:00\",\"dateModified\":\"2025-04-25T11:33:00+00:00\",\"description\":\"Professionelle Portraitfotografie in Gr\u00e4felfing bei M\u00fcnchen. Businessportraits, Bewerbungsfotos und k\u00fcnstlerische Portraits.\",\"breadcrumb\":{\"@id\":\"https:\\\/\\\/tschuschner.de\\\/?page_id=379#breadcrumb\"},\"inLanguage\":\"de\",\"potentialAction\":[{\"@type\":\"ReadAction\",\"target\":[\"https:\\\/\\\/tschuschner.de\\\/?page_id=379\"]}]},{\"@type\":\"BreadcrumbList\",\"@id\":\"https:\\\/\\\/tschuschner.de\\\/?page_id=379#breadcrumb\",\"itemListElement\":[{\"@type\":\"ListItem\",\"position\":1,\"name\":\"Startseite\",\"item\":\"https:\\\/\\\/tschuschner.de\\\/\"},{\"@type\":\"ListItem\",\"position\":2,\"name\":\"Portrait\"}]},{\"@type\":\"WebSite\",\"@id\":\"https:\\\/\\\/tschuschner.de\\\/#website\",\"url\":\"https:\\\/\\\/tschuschner.de\\\/\",\"name\":\"Fotos vom Profi\",\"description\":\"aus Gr\u00e4felfing im W\u00fcrmtal\",\"potentialAction\":[{\"@type\":\"SearchAction\",\"target\":{\"@type\":\"EntryPoint\",\"urlTemplate\":\"https:\\\/\\\/tschuschner.de\\\/?s={search_term_string}\"},\"query-input\":{\"@type\":\"PropertyValueSpecification\",\"valueRequired\":true,\"valueName\":\"search_term_string\"}}],\"inLanguage\":\"de\"}]}<\/script>\n<!-- \/ Yoast SEO plugin. -->","yoast_head_json":{"title":"Portrait Fotografie in Gr\u00e4felfing im W\u00fcrmtal","description":"Professionelle Portraitfotografie in Gr\u00e4felfing bei M\u00fcnchen. Businessportraits, Bewerbungsfotos und k\u00fcnstlerische Portraits.","robots":{"index":"index","follow":"follow","max-snippet":"max-snippet:-1","max-image-preview":"max-image-preview:large","max-video-preview":"max-video-preview:-1"},"canonical":"https:\/\/tschuschner.de\/?page_id=379","og_locale":"de_DE","og_type":"article","og_title":"Portrait Fotografie in Gr\u00e4felfing im W\u00fcrmtal","og_description":"Professionelle Portraitfotografie in Gr\u00e4felfing bei M\u00fcnchen. Businessportraits, Bewerbungsfotos und k\u00fcnstlerische Portraits.","og_url":"https:\/\/tschuschner.de\/?page_id=379","og_site_name":"Fotos vom Profi","article_modified_time":"2025-04-25T11:33:00+00:00","twitter_card":"summary_large_image","twitter_misc":{"Gesch\u00e4tzte Lesezeit":"6\u00a0Minuten"},"schema":{"@context":"https:\/\/schema.org","@graph":[{"@type":"WebPage","@id":"https:\/\/tschuschner.de\/?page_id=379","url":"https:\/\/tschuschner.de\/?page_id=379","name":"Portrait Fotografie in Gr\u00e4felfing im W\u00fcrmtal","isPartOf":{"@id":"https:\/\/tschuschner.de\/#website"},"datePublished":"2024-02-08T14:15:49+00:00","dateModified":"2025-04-25T11:33:00+00:00","description":"Professionelle Portraitfotografie in Gr\u00e4felfing bei M\u00fcnchen. Businessportraits, Bewerbungsfotos und k\u00fcnstlerische Portraits.","breadcrumb":{"@id":"https:\/\/tschuschner.de\/?page_id=379#breadcrumb"},"inLanguage":"de","potentialAction":[{"@type":"ReadAction","target":["https:\/\/tschuschner.de\/?page_id=379"]}]},{"@type":"BreadcrumbList","@id":"https:\/\/tschuschner.de\/?page_id=379#breadcrumb","itemListElement":[{"@type":"ListItem","position":1,"name":"Startseite","item":"https:\/\/tschuschner.de\/"},{"@type":"ListItem","position":2,"name":"Portrait"}]},{"@type":"WebSite","@id":"https:\/\/tschuschner.de\/#website","url":"https:\/\/tschuschner.de\/","name":"Fotos vom Profi","description":"aus Gr\u00e4felfing im W\u00fcrmtal","potentialAction":[{"@type":"SearchAction","target":{"@type":"EntryPoint","urlTemplate":"https:\/\/tschuschner.de\/?s={search_term_string}"},"query-input":{"@type":"PropertyValueSpecification","valueRequired":true,"valueName":"search_term_string"}}],"inLanguage":"de"}]}},"_links":{"self":[{"href":"https:\/\/tschuschner.de\/index.php?rest_route=\/wp\/v2\/pages\/379","targetHints":{"allow":["GET"]}}],"collection":[{"href":"https:\/\/tschuschner.de\/index.php?rest_route=\/wp\/v2\/pages"}],"about":[{"href":"https:\/\/tschuschner.de\/index.php?rest_route=\/wp\/v2\/types\/page"}],"author":[{"embeddable":true,"href":"https:\/\/tschuschner.de\/index.php?rest_route=\/wp\/v2\/users\/1"}],"replies":[{"embeddable":true,"href":"https:\/\/tschuschner.de\/index.php?rest_route=%2Fwp%2Fv2%2Fcomments&post=379"}],"version-history":[{"count":28,"href":"https:\/\/tschuschner.de\/index.php?rest_route=\/wp\/v2\/pages\/379\/revisions"}],"predecessor-version":[{"id":1153,"href":"https:\/\/tschuschner.de\/index.php?rest_route=\/wp\/v2\/pages\/379\/revisions\/1153"}],"wp:attachment":[{"href":"https:\/\/tschuschner.de\/index.php?rest_route=%2Fwp%2Fv2%2Fmedia&parent=379"}],"curies":[{"name":"wp","href":"https:\/\/api.w.org\/{rel}","templated":true}]}}