{"id":383,"date":"2024-02-08T14:18:10","date_gmt":"2024-02-08T14:18:10","guid":{"rendered":"https:\/\/tschuschner.com\/?page_id=383"},"modified":"2024-10-13T12:09:46","modified_gmt":"2024-10-13T12:09:46","slug":"business","status":"publish","type":"page","link":"https:\/\/tschuschner.de\/?page_id=383","title":{"rendered":"Business"},"content":{"rendered":"<section class=\"wpb-content-wrapper\"><p>[vc_row][vc_column][vc_masonry_media_grid grid_id=\u201cvc_gid:1728820969659-4ca94afb-99c2-10\u2033 include=\u201c358,515,720,719,716,532,960,495,1046,534,533,725,961,707,706,705,703,704,718,717,361,610\u2033][\/vc_column][\/vc_row][vc_row][vc_column][vc_column_text]<\/p>\n<h2>Willkommen bei Businessfotografie powered by Michael Tschuschner<\/h2>\n<h4>Ihr Partner f\u00fcr professionelle Businessfotografie in Gr\u00e4felfing im W\u00fcrmtal bei M\u00fcnchen \u2013 Michael Tschuschner Businessfotografie steht f\u00fcr hochwertige Fotografie, die Ihr Unternehmen zum Strahlen bringt. Mit meinem breiten Spektrum an Dienstleistungen unterst\u00fctze ich Sie dabei, Ihre Marke, Ihre Produkte und Ihr Team optimal zu pr\u00e4sentieren.<\/h4>\n<h4><strong>Webseiten- und Marketingfotografie f\u00fcr einen starken Auftritt<\/strong><\/h4>\n<h6>Eine ansprechende visuelle Pr\u00e4senz ist heute entscheidender denn je. Mit meinen professionellen Webseiten- und Marketingfotos verleihen Sie Ihrer Marke einen starken Auftritt im digitalen Raum. Ob f\u00fcr Ihre Website, Social-Media-Kan\u00e4le oder Marketingmaterialien \u2013 ich sorge daf\u00fcr, dass Ihre visuelle Identit\u00e4t Ihre Zielgruppe anspricht und \u00fcberzeugt. Gerne k\u00f6nnen wir f\u00fcr Sie die entstandenen Fotos auch gleich in ein kreatives Layout bringen und mit Infografiken erg\u00e4nzen.<\/h6>\n<h4><strong>Teamfotos, die Zusammengeh\u00f6rigkeit zeigen<\/strong><\/h4>\n<h6>Ihr Team ist das Herzst\u00fcck Ihres Unternehmens. Mit meinen Teamfotos fangen wir die Dynamik, die Zusammengeh\u00f6rigkeit und die Professionalit\u00e4t Ihres Teams ein. Ob im Studio oder direkt vor Ort in Ihrem Unternehmen \u2013 ich schaffe authentische Bilder, die die Pers\u00f6nlichkeit jedes Einzelnen widerspiegeln und das Wir-Gef\u00fchl st\u00e4rken.<\/h6>\n<h4><strong>Eventfotografie<\/strong><\/h4>\n<h6>Ein besonderes Event festhalten? Als erfahrener Businessfotograf bin ich darauf spezialisiert, Ihre Veranstaltungen und Kongresse in der Firma authentisch und professionell zu begleiten. Ich halte die Momente fest, die f\u00fcr Ihr Unternehmen wichtig sind.<\/h6>\n<h4><strong>Messefotografie<\/strong><\/h4>\n<h6>Als erfahrener Messefotograf bin ich darauf spezialisiert, Ihren Messeauftritt professionell zu begleiten und halte die Momente fest, die f\u00fcr das Marketing, den Vertrieb und die Gesch\u00e4ftsleitung wichtig sind.<\/h6>\n<h4><strong>Fotografie von Firmengeb\u00e4uden und Praxen f\u00fcr einen bleibenden Eindruck<\/strong><\/h4>\n<h6>Ihr Firmengeb\u00e4ude ist ein wichtiger Bestandteil Ihrer Unternehmensidentit\u00e4t. Mit meinen Fotografien pr\u00e4sentieren Sie Ihr Unternehmen von seiner besten Seite und hinterlassen einen bleibenden Eindruck bei Kunden und Gesch\u00e4ftspartnern. Ich setze Ihr Firmengeb\u00e4ude gekonnt in Szene und sorge daf\u00fcr, dass es sich von seiner sch\u00f6nsten Seite zeigt. Nat\u00fcrlich kann es auch eine Praxis von Arzt, Therapeut und Zahnarzt sein, die wir zusammen mit den Mitarbeitern in einer Wohlf\u00fchl-Atmosph\u00e4re pr\u00e4sentieren.<\/h6>\n<h4>Kontaktieren Sie mich gerne f\u00fcr ein unverbindliches Beratungsgespr\u00e4ch oder vereinbaren Sie direkt einen Termin f\u00fcr Ihr Businessfotoshooting. Ich freue mich darauf, Ihr Unternehmen mit meiner Fotografie zu unterst\u00fctzen und zum Erfolg beizutragen.<\/h4>\n<p>[\/vc_column_text][\/vc_column][\/vc_row][vc_row][vc_column][vc_btn title=\u201cjetzt anrufen\u201c color=\u201cblue\u201c size=\u201clg\u201c align=\u201ccenter\u201c link=\u201curl:tel%3A%20%2B491718707571\u2033][\/vc_column][\/vc_row]<\/p>\n<\/section>","protected":false},"excerpt":{"rendered":"<p>[vc_row][vc_column][vc_masonry_media_grid grid_id=\u201cvc_gid:1728820969659-4ca94afb-99c2-10\u2033 include=\u201c358,515,720,719,716,532,960,495,1046,534,533,725,961,707,706,705,703,704,718,717,361,610\u2033][\/vc_column][\/vc_row][vc_row][vc_column][vc_column_text] Willkommen bei Businessfotografie powered by Michael Tschuschner Ihr Partner f\u00fcr professionelle Businessfotografie in Gr\u00e4felfing im W\u00fcrmtal bei M\u00fcnchen \u2013 Michael Tschuschner Businessfotografie steht f\u00fcr hochwertige Fotografie, die Ihr Unternehmen zum Strahlen bringt. Mit meinem breiten Spektrum an Dienstleistungen unterst\u00fctze ich Sie dabei, Ihre Marke, Ihre Produkte und Ihr Team optimal zu pr\u00e4sentieren. [&hellip;]<\/p>\n","protected":false},"author":1,"featured_media":0,"parent":0,"menu_order":0,"comment_status":"closed","ping_status":"closed","template":"","meta":{"ngg_post_thumbnail":0,"footnotes":""},"class_list":["post-383","page","type-page","status-publish","hentry"],"yoast_head":"<!-- This site is optimized with the Yoast SEO plugin v27.5 - https:\/\/yoast.com\/product\/yoast-seo-wordpress\/ -->\n<title>Business Fotos erstellen in Gr\u00e4felfing im W\u00fcrmtal<\/title>\n<meta name=\"description\" content=\"Professionelle Businessfotografie in Gr\u00e4felfing im W\u00fcrmtal. Ihr Partner f\u00fcr erfolgreiche Unternehmenspr\u00e4sentation. Gesch\u00e4ft, Praxis, Labor.\" \/>\n<meta name=\"robots\" content=\"index, follow, max-snippet:-1, max-image-preview:large, max-video-preview:-1\" \/>\n<link rel=\"canonical\" href=\"https:\/\/tschuschner.de\/?page_id=383\" \/>\n<meta property=\"og:locale\" content=\"de_DE\" \/>\n<meta property=\"og:type\" content=\"article\" \/>\n<meta property=\"og:title\" content=\"Business Fotos erstellen in Gr\u00e4felfing im W\u00fcrmtal\" \/>\n<meta property=\"og:description\" content=\"Professionelle Businessfotografie in Gr\u00e4felfing im W\u00fcrmtal. Ihr Partner f\u00fcr erfolgreiche Unternehmenspr\u00e4sentation. Gesch\u00e4ft, Praxis, Labor.\" \/>\n<meta property=\"og:url\" content=\"https:\/\/tschuschner.de\/?page_id=383\" \/>\n<meta property=\"og:site_name\" content=\"Fotos vom Profi\" \/>\n<meta property=\"article:modified_time\" content=\"2024-10-13T12:09:46+00:00\" \/>\n<meta name=\"twitter:card\" content=\"summary_large_image\" \/>\n<meta name=\"twitter:label1\" content=\"Gesch\u00e4tzte Lesezeit\" \/>\n\t<meta name=\"twitter:data1\" content=\"7\u00a0Minuten\" \/>\n<script type=\"application\/ld+json\" class=\"yoast-schema-graph\">{\"@context\":\"https:\\\/\\\/schema.org\",\"@graph\":[{\"@type\":\"WebPage\",\"@id\":\"https:\\\/\\\/tschuschner.de\\\/?page_id=383\",\"url\":\"https:\\\/\\\/tschuschner.de\\\/?page_id=383\",\"name\":\"Business Fotos erstellen in Gr\u00e4felfing im W\u00fcrmtal\",\"isPartOf\":{\"@id\":\"https:\\\/\\\/tschuschner.de\\\/#website\"},\"datePublished\":\"2024-02-08T14:18:10+00:00\",\"dateModified\":\"2024-10-13T12:09:46+00:00\",\"description\":\"Professionelle Businessfotografie in Gr\u00e4felfing im W\u00fcrmtal. Ihr Partner f\u00fcr erfolgreiche Unternehmenspr\u00e4sentation. Gesch\u00e4ft, Praxis, Labor.\",\"breadcrumb\":{\"@id\":\"https:\\\/\\\/tschuschner.de\\\/?page_id=383#breadcrumb\"},\"inLanguage\":\"de\",\"potentialAction\":[{\"@type\":\"ReadAction\",\"target\":[\"https:\\\/\\\/tschuschner.de\\\/?page_id=383\"]}]},{\"@type\":\"BreadcrumbList\",\"@id\":\"https:\\\/\\\/tschuschner.de\\\/?page_id=383#breadcrumb\",\"itemListElement\":[{\"@type\":\"ListItem\",\"position\":1,\"name\":\"Startseite\",\"item\":\"https:\\\/\\\/tschuschner.de\\\/\"},{\"@type\":\"ListItem\",\"position\":2,\"name\":\"Business\"}]},{\"@type\":\"WebSite\",\"@id\":\"https:\\\/\\\/tschuschner.de\\\/#website\",\"url\":\"https:\\\/\\\/tschuschner.de\\\/\",\"name\":\"Fotos vom Profi\",\"description\":\"aus Gr\u00e4felfing im W\u00fcrmtal\",\"potentialAction\":[{\"@type\":\"SearchAction\",\"target\":{\"@type\":\"EntryPoint\",\"urlTemplate\":\"https:\\\/\\\/tschuschner.de\\\/?s={search_term_string}\"},\"query-input\":{\"@type\":\"PropertyValueSpecification\",\"valueRequired\":true,\"valueName\":\"search_term_string\"}}],\"inLanguage\":\"de\"}]}<\/script>\n<!-- \/ Yoast SEO plugin. -->","yoast_head_json":{"title":"Business Fotos erstellen in Gr\u00e4felfing im W\u00fcrmtal","description":"Professionelle Businessfotografie in Gr\u00e4felfing im W\u00fcrmtal. Ihr Partner f\u00fcr erfolgreiche Unternehmenspr\u00e4sentation. Gesch\u00e4ft, Praxis, Labor.","robots":{"index":"index","follow":"follow","max-snippet":"max-snippet:-1","max-image-preview":"max-image-preview:large","max-video-preview":"max-video-preview:-1"},"canonical":"https:\/\/tschuschner.de\/?page_id=383","og_locale":"de_DE","og_type":"article","og_title":"Business Fotos erstellen in Gr\u00e4felfing im W\u00fcrmtal","og_description":"Professionelle Businessfotografie in Gr\u00e4felfing im W\u00fcrmtal. Ihr Partner f\u00fcr erfolgreiche Unternehmenspr\u00e4sentation. Gesch\u00e4ft, Praxis, Labor.","og_url":"https:\/\/tschuschner.de\/?page_id=383","og_site_name":"Fotos vom Profi","article_modified_time":"2024-10-13T12:09:46+00:00","twitter_card":"summary_large_image","twitter_misc":{"Gesch\u00e4tzte Lesezeit":"7\u00a0Minuten"},"schema":{"@context":"https:\/\/schema.org","@graph":[{"@type":"WebPage","@id":"https:\/\/tschuschner.de\/?page_id=383","url":"https:\/\/tschuschner.de\/?page_id=383","name":"Business Fotos erstellen in Gr\u00e4felfing im W\u00fcrmtal","isPartOf":{"@id":"https:\/\/tschuschner.de\/#website"},"datePublished":"2024-02-08T14:18:10+00:00","dateModified":"2024-10-13T12:09:46+00:00","description":"Professionelle Businessfotografie in Gr\u00e4felfing im W\u00fcrmtal. Ihr Partner f\u00fcr erfolgreiche Unternehmenspr\u00e4sentation. Gesch\u00e4ft, Praxis, Labor.","breadcrumb":{"@id":"https:\/\/tschuschner.de\/?page_id=383#breadcrumb"},"inLanguage":"de","potentialAction":[{"@type":"ReadAction","target":["https:\/\/tschuschner.de\/?page_id=383"]}]},{"@type":"BreadcrumbList","@id":"https:\/\/tschuschner.de\/?page_id=383#breadcrumb","itemListElement":[{"@type":"ListItem","position":1,"name":"Startseite","item":"https:\/\/tschuschner.de\/"},{"@type":"ListItem","position":2,"name":"Business"}]},{"@type":"WebSite","@id":"https:\/\/tschuschner.de\/#website","url":"https:\/\/tschuschner.de\/","name":"Fotos vom Profi","description":"aus Gr\u00e4felfing im W\u00fcrmtal","potentialAction":[{"@type":"SearchAction","target":{"@type":"EntryPoint","urlTemplate":"https:\/\/tschuschner.de\/?s={search_term_string}"},"query-input":{"@type":"PropertyValueSpecification","valueRequired":true,"valueName":"search_term_string"}}],"inLanguage":"de"}]}},"_links":{"self":[{"href":"https:\/\/tschuschner.de\/index.php?rest_route=\/wp\/v2\/pages\/383","targetHints":{"allow":["GET"]}}],"collection":[{"href":"https:\/\/tschuschner.de\/index.php?rest_route=\/wp\/v2\/pages"}],"about":[{"href":"https:\/\/tschuschner.de\/index.php?rest_route=\/wp\/v2\/types\/page"}],"author":[{"embeddable":true,"href":"https:\/\/tschuschner.de\/index.php?rest_route=\/wp\/v2\/users\/1"}],"replies":[{"embeddable":true,"href":"https:\/\/tschuschner.de\/index.php?rest_route=%2Fwp%2Fv2%2Fcomments&post=383"}],"version-history":[{"count":25,"href":"https:\/\/tschuschner.de\/index.php?rest_route=\/wp\/v2\/pages\/383\/revisions"}],"predecessor-version":[{"id":1047,"href":"https:\/\/tschuschner.de\/index.php?rest_route=\/wp\/v2\/pages\/383\/revisions\/1047"}],"wp:attachment":[{"href":"https:\/\/tschuschner.de\/index.php?rest_route=%2Fwp%2Fv2%2Fmedia&parent=383"}],"curies":[{"name":"wp","href":"https:\/\/api.w.org\/{rel}","templated":true}]}}