{"id":408,"date":"2024-02-08T14:53:51","date_gmt":"2024-02-08T14:53:51","guid":{"rendered":"https:\/\/tschuschner.com\/?page_id=408"},"modified":"2025-10-20T18:41:54","modified_gmt":"2025-10-20T18:41:54","slug":"werbung","status":"publish","type":"page","link":"https:\/\/tschuschner.de\/?page_id=408","title":{"rendered":"Werbung"},"content":{"rendered":"<section class=\"wpb-content-wrapper\"><p>[vc_row][vc_column][vc_masonry_media_grid grid_id=&#8220;vc_gid:1760984952705-123f9517-8884-6&#8243; include=&#8220;560,1202,354,1162,356,512,728,1203,511,514,967,566,516,694,562,712,517,709,355,724,680,1204,681,682,683,684,687,690,691,692,731,708,1206,693,513,568,696,697,698,699,702,714,713,704,966,1163&#8243;][\/vc_column][\/vc_row][vc_row][vc_column][vc_column_text]<\/p>\n<h2>Ihr Experte f\u00fcr professionelle Werbefotografie in Gr\u00e4felfing bei M\u00fcnchen!<\/h2>\n<h4>Meine Werbefotografie steht f\u00fcr kreative und hochwertige Bilder, die Ihre Produkte, Dienstleistungen und Ihr Unternehmen optimal pr\u00e4sentieren. Mit meiner Leidenschaft f\u00fcr Fotografie und meinem Sinn f\u00fcr \u00c4sthetik und Detailgenauigkeit unterst\u00fctze ich Sie dabei, Ihre Botschaft wirkungsvoll zu kommunizieren.<\/h4>\n<h4><strong>Werbefotografie f\u00fcr Webseiten und Marketing-Medien<\/strong><\/h4>\n<h6>Eine \u00fcberzeugende visuelle Pr\u00e4senz ist entscheidend f\u00fcr den Erfolg Ihres Unternehmens. Mit meinen professionellen Werbefotos f\u00fcr Webseiten und Marketing-Medien verleihen Sie Ihrer Marke einen starken Auftritt im digitalen Raum. Ob f\u00fcr Ihre Website, Social-Media-Kan\u00e4le, Werbebrosch\u00fcren oder Anzeigen \u2013 ich sorge daf\u00fcr, dass Ihre visuelle Identit\u00e4t Ihre Zielgruppe anspricht und \u00fcberzeugt.<\/h6>\n<h4><strong>Produktfotografie, die begeistert<\/strong><\/h4>\n<h6>Hochwertige Produktfotos sind der Schl\u00fcssel zum Erfolg Ihres Produkts. Mit meiner Erfahrung und meinem technischen Know-how setze ich Ihre Produkte gekonnt in Szene und sorge daf\u00fcr, dass sie sich von ihrer besten Seite pr\u00e4sentieren. Ob im Studio oder on location \u2013 ich liefere Ihnen professionelle Produktfotos, die Ihre Kunden begeistern und zum Kauf inspirieren. Unser Erfahrungspektrum in der Produktfotografie ist schier unbegrenzt &#8211; von Schuh-Fotos und Orthop\u00e4die-Fotos, Pharmazeutika-Fotos \u00fcber Musikinstrumente-Fotos bis zu Schmuck-Fotos f\u00fcr Schmuckauktionen. Auf Wunsch erstellen wir f\u00fcr Sie auch ein ansprechendes modernes Layout f\u00fcr die Produktfotos und Grafiken.<\/h6>\n<h4><strong>Arbeitsprozesse und Technische Ger\u00e4te im Fokus<\/strong><\/h4>\n<h6>Arbeitsprozesse und technische Ger\u00e4te sind oft das Herzst\u00fcck Ihres Unternehmens. Mit meiner Werbefotografie halte ich diese wichtigen Aspekte Ihrer Gesch\u00e4ftst\u00e4tigkeit authentisch und professionell fest. Ob Produktionsabl\u00e4ufe, Arbeitsumgebungen oder technische Ger\u00e4te \u2013 ich schaffe Bilder, die die Qualit\u00e4t und Effizienz Ihrer Arbeit unterstreichen.<\/h6>\n<h4><strong>Firmenportraits f\u00fcr einen starken Unternehmensauftritt<\/strong><\/h4>\n<h6>Ihre Mitarbeiter sind das Gesicht Ihres Unternehmens. Mit meinen Firmenportraits pr\u00e4sentieren Sie Ihr Team von seiner besten Seite und st\u00e4rken das Vertrauen Ihrer Kunden. Ob im Studio oder direkt vor Ort in Ihrem Unternehmen \u2013 ich schaffe authentische Bilder, die die Pers\u00f6nlichkeit jedes Einzelnen widerspiegeln und das positive Image Ihres Unternehmens unterst\u00fctzen.<\/h6>\n<h4>Kontaktieren Sie mich gerne f\u00fcr ein unverbindliches Beratungsgespr\u00e4ch oder vereinbaren Sie direkt einen Termin f\u00fcr Ihr Werbefotoshooting. Ich freue mich darauf, Ihre Produkte, Arbeitsprozesse und Ihr Unternehmen mit meiner Fotografie zum Strahlen zu bringen.<\/h4>\n<p>[\/vc_column_text][\/vc_column][\/vc_row][vc_row][vc_column][vc_btn title=&#8220;jetzt anrufen&#8220; color=&#8220;blue&#8220; size=&#8220;lg&#8220; align=&#8220;center&#8220; link=&#8220;url:tel%3A%2B491718707571&#8243;][\/vc_column][\/vc_row]<\/p>\n<\/section>","protected":false},"excerpt":{"rendered":"<p>[vc_row][vc_column][vc_masonry_media_grid grid_id=&#8220;vc_gid:1760984952705-123f9517-8884-6&#8243; include=&#8220;560,1202,354,1162,356,512,728,1203,511,514,967,566,516,694,562,712,517,709,355,724,680,1204,681,682,683,684,687,690,691,692,731,708,1206,693,513,568,696,697,698,699,702,714,713,704,966,1163&#8243;][\/vc_column][\/vc_row][vc_row][vc_column][vc_column_text] Ihr Experte f\u00fcr professionelle Werbefotografie in Gr\u00e4felfing bei M\u00fcnchen! Meine Werbefotografie steht f\u00fcr kreative und hochwertige Bilder, die Ihre Produkte, Dienstleistungen und Ihr Unternehmen optimal pr\u00e4sentieren. Mit meiner Leidenschaft f\u00fcr Fotografie und meinem Sinn f\u00fcr \u00c4sthetik und Detailgenauigkeit unterst\u00fctze ich Sie dabei, Ihre Botschaft wirkungsvoll zu kommunizieren. Werbefotografie f\u00fcr Webseiten und Marketing-Medien [&hellip;]<\/p>\n","protected":false},"author":1,"featured_media":0,"parent":0,"menu_order":0,"comment_status":"closed","ping_status":"closed","template":"","meta":{"ngg_post_thumbnail":0,"footnotes":""},"class_list":["post-408","page","type-page","status-publish","hentry"],"yoast_head":"<!-- This site is optimized with the Yoast SEO plugin v27.4 - https:\/\/yoast.com\/product\/yoast-seo-wordpress\/ -->\n<title>Werbung - Fotostudio f\u00fcr Produktfotografie in Gr\u00e4felfing im W\u00fcrmtal<\/title>\n<meta name=\"description\" content=\"Hochwertige Werbefotografie f\u00fcr Produkte, Arbeitsprozesse und Firmenportraits. St\u00e4rken Sie Ihren Unternehmensauftritt mit \u00fcberzeugenden Fotos.\" \/>\n<meta name=\"robots\" content=\"index, follow, max-snippet:-1, max-image-preview:large, max-video-preview:-1\" \/>\n<link rel=\"canonical\" href=\"https:\/\/tschuschner.de\/?page_id=408\" \/>\n<meta property=\"og:locale\" content=\"de_DE\" \/>\n<meta property=\"og:type\" content=\"article\" \/>\n<meta property=\"og:title\" content=\"Werbung - Fotostudio f\u00fcr Produktfotografie in Gr\u00e4felfing im W\u00fcrmtal\" \/>\n<meta property=\"og:description\" content=\"Hochwertige Werbefotografie f\u00fcr Produkte, Arbeitsprozesse und Firmenportraits. St\u00e4rken Sie Ihren Unternehmensauftritt mit \u00fcberzeugenden Fotos.\" \/>\n<meta property=\"og:url\" content=\"https:\/\/tschuschner.de\/?page_id=408\" \/>\n<meta property=\"og:site_name\" content=\"Fotos vom Profi\" \/>\n<meta property=\"article:modified_time\" content=\"2025-10-20T18:41:54+00:00\" \/>\n<meta name=\"twitter:card\" content=\"summary_large_image\" \/>\n<meta name=\"twitter:label1\" content=\"Gesch\u00e4tzte Lesezeit\" \/>\n\t<meta name=\"twitter:data1\" content=\"6\u00a0Minuten\" \/>\n<script type=\"application\/ld+json\" class=\"yoast-schema-graph\">{\"@context\":\"https:\\\/\\\/schema.org\",\"@graph\":[{\"@type\":\"WebPage\",\"@id\":\"https:\\\/\\\/tschuschner.de\\\/?page_id=408\",\"url\":\"https:\\\/\\\/tschuschner.de\\\/?page_id=408\",\"name\":\"Werbung - Fotostudio f\u00fcr Produktfotografie in Gr\u00e4felfing im W\u00fcrmtal\",\"isPartOf\":{\"@id\":\"https:\\\/\\\/tschuschner.de\\\/#website\"},\"datePublished\":\"2024-02-08T14:53:51+00:00\",\"dateModified\":\"2025-10-20T18:41:54+00:00\",\"description\":\"Hochwertige Werbefotografie f\u00fcr Produkte, Arbeitsprozesse und Firmenportraits. St\u00e4rken Sie Ihren Unternehmensauftritt mit \u00fcberzeugenden Fotos.\",\"breadcrumb\":{\"@id\":\"https:\\\/\\\/tschuschner.de\\\/?page_id=408#breadcrumb\"},\"inLanguage\":\"de\",\"potentialAction\":[{\"@type\":\"ReadAction\",\"target\":[\"https:\\\/\\\/tschuschner.de\\\/?page_id=408\"]}]},{\"@type\":\"BreadcrumbList\",\"@id\":\"https:\\\/\\\/tschuschner.de\\\/?page_id=408#breadcrumb\",\"itemListElement\":[{\"@type\":\"ListItem\",\"position\":1,\"name\":\"Startseite\",\"item\":\"https:\\\/\\\/tschuschner.de\\\/\"},{\"@type\":\"ListItem\",\"position\":2,\"name\":\"Werbung\"}]},{\"@type\":\"WebSite\",\"@id\":\"https:\\\/\\\/tschuschner.de\\\/#website\",\"url\":\"https:\\\/\\\/tschuschner.de\\\/\",\"name\":\"Fotos vom Profi\",\"description\":\"aus Gr\u00e4felfing im W\u00fcrmtal\",\"potentialAction\":[{\"@type\":\"SearchAction\",\"target\":{\"@type\":\"EntryPoint\",\"urlTemplate\":\"https:\\\/\\\/tschuschner.de\\\/?s={search_term_string}\"},\"query-input\":{\"@type\":\"PropertyValueSpecification\",\"valueRequired\":true,\"valueName\":\"search_term_string\"}}],\"inLanguage\":\"de\"}]}<\/script>\n<!-- \/ Yoast SEO plugin. -->","yoast_head_json":{"title":"Werbung - Fotostudio f\u00fcr Produktfotografie in Gr\u00e4felfing im W\u00fcrmtal","description":"Hochwertige Werbefotografie f\u00fcr Produkte, Arbeitsprozesse und Firmenportraits. St\u00e4rken Sie Ihren Unternehmensauftritt mit \u00fcberzeugenden Fotos.","robots":{"index":"index","follow":"follow","max-snippet":"max-snippet:-1","max-image-preview":"max-image-preview:large","max-video-preview":"max-video-preview:-1"},"canonical":"https:\/\/tschuschner.de\/?page_id=408","og_locale":"de_DE","og_type":"article","og_title":"Werbung - Fotostudio f\u00fcr Produktfotografie in Gr\u00e4felfing im W\u00fcrmtal","og_description":"Hochwertige Werbefotografie f\u00fcr Produkte, Arbeitsprozesse und Firmenportraits. St\u00e4rken Sie Ihren Unternehmensauftritt mit \u00fcberzeugenden Fotos.","og_url":"https:\/\/tschuschner.de\/?page_id=408","og_site_name":"Fotos vom Profi","article_modified_time":"2025-10-20T18:41:54+00:00","twitter_card":"summary_large_image","twitter_misc":{"Gesch\u00e4tzte Lesezeit":"6\u00a0Minuten"},"schema":{"@context":"https:\/\/schema.org","@graph":[{"@type":"WebPage","@id":"https:\/\/tschuschner.de\/?page_id=408","url":"https:\/\/tschuschner.de\/?page_id=408","name":"Werbung - Fotostudio f\u00fcr Produktfotografie in Gr\u00e4felfing im W\u00fcrmtal","isPartOf":{"@id":"https:\/\/tschuschner.de\/#website"},"datePublished":"2024-02-08T14:53:51+00:00","dateModified":"2025-10-20T18:41:54+00:00","description":"Hochwertige Werbefotografie f\u00fcr Produkte, Arbeitsprozesse und Firmenportraits. St\u00e4rken Sie Ihren Unternehmensauftritt mit \u00fcberzeugenden Fotos.","breadcrumb":{"@id":"https:\/\/tschuschner.de\/?page_id=408#breadcrumb"},"inLanguage":"de","potentialAction":[{"@type":"ReadAction","target":["https:\/\/tschuschner.de\/?page_id=408"]}]},{"@type":"BreadcrumbList","@id":"https:\/\/tschuschner.de\/?page_id=408#breadcrumb","itemListElement":[{"@type":"ListItem","position":1,"name":"Startseite","item":"https:\/\/tschuschner.de\/"},{"@type":"ListItem","position":2,"name":"Werbung"}]},{"@type":"WebSite","@id":"https:\/\/tschuschner.de\/#website","url":"https:\/\/tschuschner.de\/","name":"Fotos vom Profi","description":"aus Gr\u00e4felfing im W\u00fcrmtal","potentialAction":[{"@type":"SearchAction","target":{"@type":"EntryPoint","urlTemplate":"https:\/\/tschuschner.de\/?s={search_term_string}"},"query-input":{"@type":"PropertyValueSpecification","valueRequired":true,"valueName":"search_term_string"}}],"inLanguage":"de"}]}},"_links":{"self":[{"href":"https:\/\/tschuschner.de\/index.php?rest_route=\/wp\/v2\/pages\/408","targetHints":{"allow":["GET"]}}],"collection":[{"href":"https:\/\/tschuschner.de\/index.php?rest_route=\/wp\/v2\/pages"}],"about":[{"href":"https:\/\/tschuschner.de\/index.php?rest_route=\/wp\/v2\/types\/page"}],"author":[{"embeddable":true,"href":"https:\/\/tschuschner.de\/index.php?rest_route=\/wp\/v2\/users\/1"}],"replies":[{"embeddable":true,"href":"https:\/\/tschuschner.de\/index.php?rest_route=%2Fwp%2Fv2%2Fcomments&post=408"}],"version-history":[{"count":23,"href":"https:\/\/tschuschner.de\/index.php?rest_route=\/wp\/v2\/pages\/408\/revisions"}],"predecessor-version":[{"id":1207,"href":"https:\/\/tschuschner.de\/index.php?rest_route=\/wp\/v2\/pages\/408\/revisions\/1207"}],"wp:attachment":[{"href":"https:\/\/tschuschner.de\/index.php?rest_route=%2Fwp%2Fv2%2Fmedia&parent=408"}],"curies":[{"name":"wp","href":"https:\/\/api.w.org\/{rel}","templated":true}]}}