{"id":453,"date":"2024-02-09T15:15:45","date_gmt":"2024-02-09T15:15:45","guid":{"rendered":"https:\/\/tschuschner.com\/?page_id=453"},"modified":"2025-03-12T10:04:28","modified_gmt":"2025-03-12T10:04:28","slug":"about-fotograf-michael-tschuschner","status":"publish","type":"page","link":"https:\/\/tschuschner.de\/?page_id=453","title":{"rendered":"About"},"content":{"rendered":"<section class=\"wpb-content-wrapper\"><p>[vc_row][vc_column width=\u201c2\/3\u2033][vc_column_text]<\/p>\n<h4>Seit vielen Jahren bieten wir unsere Leistungen einem st\u00e4ndig wachsendem Kundenkreis an<br \/>\nund freuen uns \u00fcber unsere vielen positiven Rezensionen.<br \/>\nUnser Erfolgsrezept ist Teamwork, das bei uns gro\u00dfgeschrieben wird.<br \/>\nDurch unsere unterschiedlichen Interessen und Erfahrungen erg\u00e4nzen wir uns ideal.<br \/>\nDabei setzen alle ihre individuellen Schwerpunkte ohne die Zusammenarbeit im Team aus den Augen zu verlieren.<br \/>\nGegenseitige Unterst\u00fctzung ist f\u00fcr uns selbstverst\u00e4ndlich, sodass unsere Kunden vom geballten Team-Wissen profitieren.<br \/>\nSo k\u00f6nnen wir die unterschiedlichsten Anfragen und Anliegen stets zuverl\u00e4ssig und kompetent bearbeiten.<br \/>\nMachen Sie sich doch einfach n\u00e4her mit unseren Mitarbeiterinnen und Mitarbeitern bekannt.<br \/>\nHier finden Sie bestimmt den passenden Spezialisten f\u00fcr Ihr ganz pers\u00f6nliches Anliegen.<\/h4>\n<p>[\/vc_column_text][\/vc_column][vc_column width=\u201c1\/3\u2033][vc_single_image image=\u201c536\u2033 img_size=\u201cfull\u201c][\/vc_column][\/vc_row][vc_row css=\u201c.vc_custom_1707822675856{margin-top: 25px !important;}\u201c][vc_column width=\u201c1\/3\u2033][vc_single_image image=\u201c812\u2033 img_size=\u201c300\u00d7400\u2033 add_caption=\u201cyes\u201c title=\u201cFotograf Michael\u201c][\/vc_column][vc_column width=\u201c1\/3\u2033][vc_single_image image=\u201c471\u2033 img_size=\u201cfull\u201c add_caption=\u201cyes\u201c title=\u201cGrafik Madeline\u201c][\/vc_column][vc_column width=\u201c1\/3\u2033][vc_single_image image=\u201c479\u2033 img_size=\u201cfull\u201c title=\u201cAssistent Marc\u201c][\/vc_column][\/vc_row][vc_row][vc_column][vc_single_image image=\u201c750\u2033 img_size=\u201cfull\u201c alignment=\u201ccenter\u201c style=\u201cvc_box_shadow\u201c onclick=\u201cimg_link_large\u201c][\/vc_column][\/vc_row]<\/p>\n<\/section>","protected":false},"excerpt":{"rendered":"<p>[vc_row][vc_column width=\u201c2\/3\u2033][vc_column_text] Seit vielen Jahren bieten wir unsere Leistungen einem st\u00e4ndig wachsendem Kundenkreis an und freuen uns \u00fcber unsere vielen positiven Rezensionen. Unser Erfolgsrezept ist Teamwork, das bei uns gro\u00dfgeschrieben wird. Durch unsere unterschiedlichen Interessen und Erfahrungen erg\u00e4nzen wir uns ideal. Dabei setzen alle ihre individuellen Schwerpunkte ohne die Zusammenarbeit im Team aus den Augen [&hellip;]<\/p>\n","protected":false},"author":1,"featured_media":0,"parent":0,"menu_order":0,"comment_status":"closed","ping_status":"closed","template":"","meta":{"ngg_post_thumbnail":0,"footnotes":""},"class_list":["post-453","page","type-page","status-publish","hentry"],"yoast_head":"<!-- This site is optimized with the Yoast SEO plugin v27.5 - https:\/\/yoast.com\/product\/yoast-seo-wordpress\/ -->\n<title>About - Michael Tschuschner<\/title>\n<meta name=\"description\" content=\"Seit vielen Jahren verbinden wir erfolgreiche fotografische Arbeit mit geballten Wissen eines erfahrenen Teams und haben jede Menge Spa\u00df!\" \/>\n<meta name=\"robots\" content=\"index, follow, max-snippet:-1, max-image-preview:large, max-video-preview:-1\" \/>\n<link rel=\"canonical\" href=\"https:\/\/tschuschner.de\/?page_id=453\" \/>\n<meta property=\"og:locale\" content=\"de_DE\" \/>\n<meta property=\"og:type\" content=\"article\" \/>\n<meta property=\"og:title\" content=\"About - Michael Tschuschner\" \/>\n<meta property=\"og:description\" content=\"Seit vielen Jahren verbinden wir erfolgreiche fotografische Arbeit mit geballten Wissen eines erfahrenen Teams und haben jede Menge Spa\u00df!\" \/>\n<meta property=\"og:url\" content=\"https:\/\/tschuschner.de\/?page_id=453\" \/>\n<meta property=\"og:site_name\" content=\"Fotos vom Profi\" \/>\n<meta property=\"article:modified_time\" content=\"2025-03-12T10:04:28+00:00\" \/>\n<meta name=\"twitter:card\" content=\"summary_large_image\" \/>\n<meta name=\"twitter:label1\" content=\"Gesch\u00e4tzte Lesezeit\" \/>\n\t<meta name=\"twitter:data1\" content=\"2\u00a0Minuten\" \/>\n<script type=\"application\/ld+json\" class=\"yoast-schema-graph\">{\"@context\":\"https:\\\/\\\/schema.org\",\"@graph\":[{\"@type\":\"WebPage\",\"@id\":\"https:\\\/\\\/tschuschner.de\\\/?page_id=453\",\"url\":\"https:\\\/\\\/tschuschner.de\\\/?page_id=453\",\"name\":\"About - Michael Tschuschner\",\"isPartOf\":{\"@id\":\"https:\\\/\\\/tschuschner.de\\\/#website\"},\"datePublished\":\"2024-02-09T15:15:45+00:00\",\"dateModified\":\"2025-03-12T10:04:28+00:00\",\"description\":\"Seit vielen Jahren verbinden wir erfolgreiche fotografische Arbeit mit geballten Wissen eines erfahrenen Teams und haben jede Menge Spa\u00df!\",\"breadcrumb\":{\"@id\":\"https:\\\/\\\/tschuschner.de\\\/?page_id=453#breadcrumb\"},\"inLanguage\":\"de\",\"potentialAction\":[{\"@type\":\"ReadAction\",\"target\":[\"https:\\\/\\\/tschuschner.de\\\/?page_id=453\"]}]},{\"@type\":\"BreadcrumbList\",\"@id\":\"https:\\\/\\\/tschuschner.de\\\/?page_id=453#breadcrumb\",\"itemListElement\":[{\"@type\":\"ListItem\",\"position\":1,\"name\":\"Startseite\",\"item\":\"https:\\\/\\\/tschuschner.de\\\/\"},{\"@type\":\"ListItem\",\"position\":2,\"name\":\"About\"}]},{\"@type\":\"WebSite\",\"@id\":\"https:\\\/\\\/tschuschner.de\\\/#website\",\"url\":\"https:\\\/\\\/tschuschner.de\\\/\",\"name\":\"Fotos vom Profi\",\"description\":\"aus Gr\u00e4felfing im W\u00fcrmtal\",\"potentialAction\":[{\"@type\":\"SearchAction\",\"target\":{\"@type\":\"EntryPoint\",\"urlTemplate\":\"https:\\\/\\\/tschuschner.de\\\/?s={search_term_string}\"},\"query-input\":{\"@type\":\"PropertyValueSpecification\",\"valueRequired\":true,\"valueName\":\"search_term_string\"}}],\"inLanguage\":\"de\"}]}<\/script>\n<!-- \/ Yoast SEO plugin. -->","yoast_head_json":{"title":"About - Michael Tschuschner","description":"Seit vielen Jahren verbinden wir erfolgreiche fotografische Arbeit mit geballten Wissen eines erfahrenen Teams und haben jede Menge Spa\u00df!","robots":{"index":"index","follow":"follow","max-snippet":"max-snippet:-1","max-image-preview":"max-image-preview:large","max-video-preview":"max-video-preview:-1"},"canonical":"https:\/\/tschuschner.de\/?page_id=453","og_locale":"de_DE","og_type":"article","og_title":"About - Michael Tschuschner","og_description":"Seit vielen Jahren verbinden wir erfolgreiche fotografische Arbeit mit geballten Wissen eines erfahrenen Teams und haben jede Menge Spa\u00df!","og_url":"https:\/\/tschuschner.de\/?page_id=453","og_site_name":"Fotos vom Profi","article_modified_time":"2025-03-12T10:04:28+00:00","twitter_card":"summary_large_image","twitter_misc":{"Gesch\u00e4tzte Lesezeit":"2\u00a0Minuten"},"schema":{"@context":"https:\/\/schema.org","@graph":[{"@type":"WebPage","@id":"https:\/\/tschuschner.de\/?page_id=453","url":"https:\/\/tschuschner.de\/?page_id=453","name":"About - Michael Tschuschner","isPartOf":{"@id":"https:\/\/tschuschner.de\/#website"},"datePublished":"2024-02-09T15:15:45+00:00","dateModified":"2025-03-12T10:04:28+00:00","description":"Seit vielen Jahren verbinden wir erfolgreiche fotografische Arbeit mit geballten Wissen eines erfahrenen Teams und haben jede Menge Spa\u00df!","breadcrumb":{"@id":"https:\/\/tschuschner.de\/?page_id=453#breadcrumb"},"inLanguage":"de","potentialAction":[{"@type":"ReadAction","target":["https:\/\/tschuschner.de\/?page_id=453"]}]},{"@type":"BreadcrumbList","@id":"https:\/\/tschuschner.de\/?page_id=453#breadcrumb","itemListElement":[{"@type":"ListItem","position":1,"name":"Startseite","item":"https:\/\/tschuschner.de\/"},{"@type":"ListItem","position":2,"name":"About"}]},{"@type":"WebSite","@id":"https:\/\/tschuschner.de\/#website","url":"https:\/\/tschuschner.de\/","name":"Fotos vom Profi","description":"aus Gr\u00e4felfing im W\u00fcrmtal","potentialAction":[{"@type":"SearchAction","target":{"@type":"EntryPoint","urlTemplate":"https:\/\/tschuschner.de\/?s={search_term_string}"},"query-input":{"@type":"PropertyValueSpecification","valueRequired":true,"valueName":"search_term_string"}}],"inLanguage":"de"}]}},"_links":{"self":[{"href":"https:\/\/tschuschner.de\/index.php?rest_route=\/wp\/v2\/pages\/453","targetHints":{"allow":["GET"]}}],"collection":[{"href":"https:\/\/tschuschner.de\/index.php?rest_route=\/wp\/v2\/pages"}],"about":[{"href":"https:\/\/tschuschner.de\/index.php?rest_route=\/wp\/v2\/types\/page"}],"author":[{"embeddable":true,"href":"https:\/\/tschuschner.de\/index.php?rest_route=\/wp\/v2\/users\/1"}],"replies":[{"embeddable":true,"href":"https:\/\/tschuschner.de\/index.php?rest_route=%2Fwp%2Fv2%2Fcomments&post=453"}],"version-history":[{"count":31,"href":"https:\/\/tschuschner.de\/index.php?rest_route=\/wp\/v2\/pages\/453\/revisions"}],"predecessor-version":[{"id":1102,"href":"https:\/\/tschuschner.de\/index.php?rest_route=\/wp\/v2\/pages\/453\/revisions\/1102"}],"wp:attachment":[{"href":"https:\/\/tschuschner.de\/index.php?rest_route=%2Fwp%2Fv2%2Fmedia&parent=453"}],"curies":[{"name":"wp","href":"https:\/\/api.w.org\/{rel}","templated":true}]}}