{"id":74,"date":"2023-01-19T17:15:07","date_gmt":"2023-01-19T17:15:07","guid":{"rendered":"https:\/\/tschuschner.com\/?page_id=74"},"modified":"2024-02-15T11:18:35","modified_gmt":"2024-02-15T11:18:35","slug":"74-2","status":"publish","type":"page","link":"https:\/\/tschuschner.de\/?page_id=74","title":{"rendered":"Impressum"},"content":{"rendered":"<section class=\"wpb-content-wrapper\"><p>[vc_row][vc_column][vc_column_text css=&#8220;.vc_custom_1707995263796{margin-top: 100px !important;margin-left: 100px !important;}&#8220;]<\/p>\n<h5 class=\"h6_desk_fliesstext\" style=\"text-align: left;\">Michael Tschuschner<br \/>\nGrawolfstr. 4<br \/>\n82166 Gr\u00e4felfing<\/h5>\n<h5 class=\"h6_desk_fliesstext\" style=\"text-align: left;\">info@tschuschner.de<\/h5>\n<h5 class=\"h6_desk_fliesstext\" style=\"text-align: left;\">&nbsp;<\/h5>\n<h5 class=\"h6_desk_fliesstext\" style=\"text-align: left;\">Umsatzsteueridentifikationsnummer nach Par. 27 a des Umsatzsteuergesetzes: 148 161 40332<\/h5>\n<h5 class=\"h6_desk_fliesstext\" style=\"text-align: left;\">&nbsp;<\/h5>\n<h5 class=\"h6_desk_fliesstext\" style=\"text-align: left;\">Fotostudio im W\u00fcrmtal f\u00fcr Werbefotografie, Bewerbungsfotos, Firmenportraits und Event-Fotografie.<\/h5>\n<h5 class=\"h6_desk_fliesstext\" style=\"text-align: left;\">Gr\u00e4felfinger Werbeagentur f\u00fcr Grafik, WebDesign und Printmedien.<\/h5>\n<p>[\/vc_column_text][\/vc_column][\/vc_row]<\/p>\n<\/section>","protected":false},"excerpt":{"rendered":"<p>[vc_row][vc_column][vc_column_text css=&#8220;.vc_custom_1707995263796{margin-top: 100px !important;margin-left: 100px !important;}&#8220;] Michael Tschuschner Grawolfstr. 4 82166 Gr\u00e4felfing info@tschuschner.de &nbsp; Umsatzsteueridentifikationsnummer nach Par. 27 a des Umsatzsteuergesetzes: 148 161 40332 &nbsp; Fotostudio im W\u00fcrmtal f\u00fcr Werbefotografie, Bewerbungsfotos, Firmenportraits und Event-Fotografie. Gr\u00e4felfinger Werbeagentur f\u00fcr Grafik, WebDesign und Printmedien. [\/vc_column_text][\/vc_column][\/vc_row]<\/p>\n","protected":false},"author":1,"featured_media":0,"parent":0,"menu_order":0,"comment_status":"closed","ping_status":"closed","template":"","meta":{"ngg_post_thumbnail":0,"footnotes":""},"class_list":["post-74","page","type-page","status-publish","hentry"],"yoast_head":"<!-- This site is optimized with the Yoast SEO plugin v27.4 - https:\/\/yoast.com\/product\/yoast-seo-wordpress\/ -->\n<title>Impressum - Fotos vom Profi<\/title>\n<meta name=\"robots\" content=\"index, follow, max-snippet:-1, max-image-preview:large, max-video-preview:-1\" \/>\n<link rel=\"canonical\" href=\"https:\/\/tschuschner.de\/?page_id=74\" \/>\n<meta property=\"og:locale\" content=\"de_DE\" \/>\n<meta property=\"og:type\" content=\"article\" \/>\n<meta property=\"og:title\" content=\"Impressum - Fotos vom Profi\" \/>\n<meta property=\"og:description\" content=\"[vc_row][vc_column][vc_column_text css=&#8220;.vc_custom_1707995263796{margin-top: 100px !important;margin-left: 100px !important;}&#8220;] Michael Tschuschner Grawolfstr. 4 82166 Gr\u00e4felfing info@tschuschner.de &nbsp; Umsatzsteueridentifikationsnummer nach Par. 27 a des Umsatzsteuergesetzes: 148 161 40332 &nbsp; Fotostudio im W\u00fcrmtal f\u00fcr Werbefotografie, Bewerbungsfotos, Firmenportraits und Event-Fotografie. Gr\u00e4felfinger Werbeagentur f\u00fcr Grafik, WebDesign und Printmedien. [\/vc_column_text][\/vc_column][\/vc_row]\" \/>\n<meta property=\"og:url\" content=\"https:\/\/tschuschner.de\/?page_id=74\" \/>\n<meta property=\"og:site_name\" content=\"Fotos vom Profi\" \/>\n<meta property=\"article:modified_time\" content=\"2024-02-15T11:18:35+00:00\" \/>\n<meta name=\"twitter:card\" content=\"summary_large_image\" \/>\n<meta name=\"twitter:label1\" content=\"Gesch\u00e4tzte Lesezeit\" \/>\n\t<meta name=\"twitter:data1\" content=\"1\u00a0Minute\" \/>\n<script type=\"application\/ld+json\" class=\"yoast-schema-graph\">{\"@context\":\"https:\\\/\\\/schema.org\",\"@graph\":[{\"@type\":\"WebPage\",\"@id\":\"https:\\\/\\\/tschuschner.de\\\/?page_id=74\",\"url\":\"https:\\\/\\\/tschuschner.de\\\/?page_id=74\",\"name\":\"Impressum - Fotos vom Profi\",\"isPartOf\":{\"@id\":\"https:\\\/\\\/tschuschner.de\\\/#website\"},\"datePublished\":\"2023-01-19T17:15:07+00:00\",\"dateModified\":\"2024-02-15T11:18:35+00:00\",\"breadcrumb\":{\"@id\":\"https:\\\/\\\/tschuschner.de\\\/?page_id=74#breadcrumb\"},\"inLanguage\":\"de\",\"potentialAction\":[{\"@type\":\"ReadAction\",\"target\":[\"https:\\\/\\\/tschuschner.de\\\/?page_id=74\"]}]},{\"@type\":\"BreadcrumbList\",\"@id\":\"https:\\\/\\\/tschuschner.de\\\/?page_id=74#breadcrumb\",\"itemListElement\":[{\"@type\":\"ListItem\",\"position\":1,\"name\":\"Startseite\",\"item\":\"https:\\\/\\\/tschuschner.de\\\/\"},{\"@type\":\"ListItem\",\"position\":2,\"name\":\"Impressum\"}]},{\"@type\":\"WebSite\",\"@id\":\"https:\\\/\\\/tschuschner.de\\\/#website\",\"url\":\"https:\\\/\\\/tschuschner.de\\\/\",\"name\":\"Fotos vom Profi\",\"description\":\"aus Gr\u00e4felfing im W\u00fcrmtal\",\"potentialAction\":[{\"@type\":\"SearchAction\",\"target\":{\"@type\":\"EntryPoint\",\"urlTemplate\":\"https:\\\/\\\/tschuschner.de\\\/?s={search_term_string}\"},\"query-input\":{\"@type\":\"PropertyValueSpecification\",\"valueRequired\":true,\"valueName\":\"search_term_string\"}}],\"inLanguage\":\"de\"}]}<\/script>\n<!-- \/ Yoast SEO plugin. -->","yoast_head_json":{"title":"Impressum - Fotos vom Profi","robots":{"index":"index","follow":"follow","max-snippet":"max-snippet:-1","max-image-preview":"max-image-preview:large","max-video-preview":"max-video-preview:-1"},"canonical":"https:\/\/tschuschner.de\/?page_id=74","og_locale":"de_DE","og_type":"article","og_title":"Impressum - Fotos vom Profi","og_description":"[vc_row][vc_column][vc_column_text css=&#8220;.vc_custom_1707995263796{margin-top: 100px !important;margin-left: 100px !important;}&#8220;] Michael Tschuschner Grawolfstr. 4 82166 Gr\u00e4felfing info@tschuschner.de &nbsp; Umsatzsteueridentifikationsnummer nach Par. 27 a des Umsatzsteuergesetzes: 148 161 40332 &nbsp; Fotostudio im W\u00fcrmtal f\u00fcr Werbefotografie, Bewerbungsfotos, Firmenportraits und Event-Fotografie. Gr\u00e4felfinger Werbeagentur f\u00fcr Grafik, WebDesign und Printmedien. [\/vc_column_text][\/vc_column][\/vc_row]","og_url":"https:\/\/tschuschner.de\/?page_id=74","og_site_name":"Fotos vom Profi","article_modified_time":"2024-02-15T11:18:35+00:00","twitter_card":"summary_large_image","twitter_misc":{"Gesch\u00e4tzte Lesezeit":"1\u00a0Minute"},"schema":{"@context":"https:\/\/schema.org","@graph":[{"@type":"WebPage","@id":"https:\/\/tschuschner.de\/?page_id=74","url":"https:\/\/tschuschner.de\/?page_id=74","name":"Impressum - Fotos vom Profi","isPartOf":{"@id":"https:\/\/tschuschner.de\/#website"},"datePublished":"2023-01-19T17:15:07+00:00","dateModified":"2024-02-15T11:18:35+00:00","breadcrumb":{"@id":"https:\/\/tschuschner.de\/?page_id=74#breadcrumb"},"inLanguage":"de","potentialAction":[{"@type":"ReadAction","target":["https:\/\/tschuschner.de\/?page_id=74"]}]},{"@type":"BreadcrumbList","@id":"https:\/\/tschuschner.de\/?page_id=74#breadcrumb","itemListElement":[{"@type":"ListItem","position":1,"name":"Startseite","item":"https:\/\/tschuschner.de\/"},{"@type":"ListItem","position":2,"name":"Impressum"}]},{"@type":"WebSite","@id":"https:\/\/tschuschner.de\/#website","url":"https:\/\/tschuschner.de\/","name":"Fotos vom Profi","description":"aus Gr\u00e4felfing im W\u00fcrmtal","potentialAction":[{"@type":"SearchAction","target":{"@type":"EntryPoint","urlTemplate":"https:\/\/tschuschner.de\/?s={search_term_string}"},"query-input":{"@type":"PropertyValueSpecification","valueRequired":true,"valueName":"search_term_string"}}],"inLanguage":"de"}]}},"_links":{"self":[{"href":"https:\/\/tschuschner.de\/index.php?rest_route=\/wp\/v2\/pages\/74","targetHints":{"allow":["GET"]}}],"collection":[{"href":"https:\/\/tschuschner.de\/index.php?rest_route=\/wp\/v2\/pages"}],"about":[{"href":"https:\/\/tschuschner.de\/index.php?rest_route=\/wp\/v2\/types\/page"}],"author":[{"embeddable":true,"href":"https:\/\/tschuschner.de\/index.php?rest_route=\/wp\/v2\/users\/1"}],"replies":[{"embeddable":true,"href":"https:\/\/tschuschner.de\/index.php?rest_route=%2Fwp%2Fv2%2Fcomments&post=74"}],"version-history":[{"count":10,"href":"https:\/\/tschuschner.de\/index.php?rest_route=\/wp\/v2\/pages\/74\/revisions"}],"predecessor-version":[{"id":656,"href":"https:\/\/tschuschner.de\/index.php?rest_route=\/wp\/v2\/pages\/74\/revisions\/656"}],"wp:attachment":[{"href":"https:\/\/tschuschner.de\/index.php?rest_route=%2Fwp%2Fv2%2Fmedia&parent=74"}],"curies":[{"name":"wp","href":"https:\/\/api.w.org\/{rel}","templated":true}]}}